{"id":27773,"date":"2024-07-27T13:58:05","date_gmt":"2024-07-27T11:58:05","guid":{"rendered":"https:\/\/holyspirits.se\/brands\/"},"modified":"2024-12-05T13:52:04","modified_gmt":"2024-12-05T12:52:04","slug":"brands","status":"publish","type":"page","link":"https:\/\/holyspirits.se\/en\/brands\/","title":{"rendered":"Brands"},"content":{"rendered":"<p>[et_pb_section fb_built=&#8221;1&#8243; _builder_version=&#8221;4.27.0&#8243; _module_preset=&#8221;default&#8221; global_colors_info=&#8221;{}&#8221;][et_pb_row _builder_version=&#8221;4.27.0&#8243; _module_preset=&#8221;default&#8221; global_colors_info=&#8221;{}&#8221;][et_pb_column type=&#8221;4_4&#8243; _builder_version=&#8221;4.27.0&#8243; _module_preset=&#8221;default&#8221; global_colors_info=&#8221;{}&#8221;][et_pb_text _builder_version=&#8221;4.27.2&#8243; _dynamic_attributes=&#8221;content&#8221; _module_preset=&#8221;default&#8221; text_orientation=&#8221;center&#8221; header_font_size_tablet=&#8221;54px&#8221; header_font_size_phone=&#8221;46px&#8221; header_font_size_last_edited=&#8221;on|tablet&#8221; global_colors_info=&#8221;{}&#8221;]@ET-DC@eyJkeW5hbWljIjp0cnVlLCJjb250ZW50IjoicG9zdF90aXRsZSIsInNldHRpbmdzIjp7ImJlZm9yZSI6IjxoMT4iLCJhZnRlciI6IjwvaDE+IiwiZW5hYmxlX2h0bWwiOiJvZmYifX0=@[\/et_pb_text][et_pb_text _builder_version=&#8221;4.27.0&#8243; _module_preset=&#8221;default&#8221; text_font_size=&#8221;20px&#8221; text_orientation_tablet=&#8221;&#8221; text_orientation_phone=&#8221;center&#8221; text_orientation_last_edited=&#8221;on|desktop&#8221; global_colors_info=&#8221;{}&#8221;]<\/p>\n<p>With us, you will find a well curated selection of brands that all focus entirely on high quality, craftsmanship and pride in their products. We work with people, and their brands, who have the same passion for good drinks as we do.<\/p>\n<p>[\/et_pb_text][\/et_pb_column][\/et_pb_row][\/et_pb_section][et_pb_section fb_built=&#8221;1&#8243; _builder_version=&#8221;4.27.0&#8243; _module_preset=&#8221;default&#8221; use_background_color_gradient=&#8221;on&#8221; background_color_gradient_stops=&#8221;rgba(255,255,255,0.85) 0%|rgba(255,255,255,0.85) 100%&#8221; background_color_gradient_overlays_image=&#8221;on&#8221; background_image=&#8221;https:\/\/holyspirits.se\/wp-content\/uploads\/2024\/07\/spikey-balls-and-lines-bg.png&#8221; background_size=&#8221;initial&#8221; background_repeat=&#8221;repeat&#8221; global_colors_info=&#8221;{}&#8221;][et_pb_row column_structure=&#8221;1_3,1_3,1_3&#8243; make_equal=&#8221;on&#8221; module_class=&#8221;brand-blurbs&#8221; _builder_version=&#8221;4.27.0&#8243; _module_preset=&#8221;default&#8221; global_colors_info=&#8221;{}&#8221;][et_pb_column type=&#8221;1_3&#8243; _builder_version=&#8221;4.27.0&#8243; _module_preset=&#8221;default&#8221; background_color=&#8221;#FFFFFF&#8221; custom_padding=&#8221;2rem|2rem|2rem|2rem|true|true&#8221; box_shadow_style=&#8221;preset1&#8243; global_colors_info=&#8221;{}&#8221;][et_pb_blurb title=&#8221;Antica Torino&#8221; image=&#8221;https:\/\/holyspirits.se\/wp-content\/uploads\/2024\/05\/antica-torino-logo-rosso.png&#8221; module_class=&#8221;brand-blurb&#8221; _builder_version=&#8221;4.27.4&#8243; _module_preset=&#8221;default&#8221; header_level=&#8221;h3&#8243; header_font_size=&#8221;28px&#8221; background_color=&#8221;#FFFFFF&#8221; custom_padding=&#8221;||2rem||false|false&#8221; animation=&#8221;off&#8221; global_colors_info=&#8221;{}&#8221;]<\/p>\n<p>Vittorio Zoppi and Filippo Antonelli founded the company Antica Torino to produce and rediscover traditional Piedmontese recipes and methods for aromatized wines, such as Vermouth, liqueurs and Vino Chinato. They are masters at creating new recipes, inspired by traditional ones, that keep the Peidmontese spirit alive. Of course, their first product could only be a vermouth, the symbol of the city&#8217;s elegant lifestyle and exquisite tastes. Inspired by the oldest recipes from historic Savoie, after months of work they nailed the right formula, and Antica Torino Vermouth Rosso was born.<\/p>\n<p>[\/et_pb_blurb][et_pb_button button_url=&#8221;https:\/\/holyspirits.se\/en\/brands\/antica-torino\/&#8221; button_text=&#8221;Products from Antica Torino&#8221; button_alignment=&#8221;center&#8221; _builder_version=&#8221;4.27.4&#8243; _module_preset=&#8221;default&#8221; hover_enabled=&#8221;0&#8243; global_colors_info=&#8221;{}&#8221; sticky_enabled=&#8221;0&#8243;][\/et_pb_button][et_pb_button button_url=&#8221;https:\/\/holyspirits.se\/en\/stories\/antica-torino\/&#8221; button_text=&#8221;Read more about Antica Torino&#8221; button_alignment=&#8221;center&#8221; _builder_version=&#8221;4.27.4&#8243; _module_preset=&#8221;default&#8221; hover_enabled=&#8221;0&#8243; global_colors_info=&#8221;{}&#8221; sticky_enabled=&#8221;0&#8243;][\/et_pb_button][\/et_pb_column][et_pb_column type=&#8221;1_3&#8243; _builder_version=&#8221;4.27.0&#8243; _module_preset=&#8221;default&#8221; background_color=&#8221;#FFFFFF&#8221; custom_padding=&#8221;2rem|2rem|2rem|2rem|true|true&#8221; box_shadow_style=&#8221;preset1&#8243; global_colors_info=&#8221;{}&#8221;][et_pb_blurb title=&#8221;Distillerie Combier&#8221; image=&#8221;https:\/\/holyspirits.se\/wp-content\/uploads\/2024\/07\/logo-combier.svg&#8221; module_class=&#8221;brand-blurb&#8221; _builder_version=&#8221;4.27.0&#8243; _module_preset=&#8221;default&#8221; header_level=&#8221;h3&#8243; header_font_size=&#8221;28px&#8221; background_color=&#8221;#FFFFFF&#8221; custom_padding=&#8221;||2rem||false|false&#8221; animation=&#8221;off&#8221; global_colors_info=&#8221;{}&#8221;]<\/p>\n<p>Distillerie Combier is one of the oldest in the Loire valley. It was founded in 1834 and has since been operating in the heart of the small town of Saumur. Due to its location in the middle of the &#8220;Jardin de la France&#8221;, one can easily purchase local products such as fruit, flowers and aromatic plants and take advantage of the availability of exotic fruits and spices via the Loire. For almost two centuries Combier has continued to create new products, but not least they are known as the creators of the first Triple Sec.<\/p>\n<p>[\/et_pb_blurb][et_pb_button button_url=&#8221;https:\/\/holyspirits.se\/en\/brands\/combier\/&#8221; button_text=&#8221;Products from Distillerie Combier&#8221; button_alignment=&#8221;center&#8221; _builder_version=&#8221;4.27.4&#8243; _module_preset=&#8221;default&#8221; hover_enabled=&#8221;0&#8243; global_colors_info=&#8221;{}&#8221; sticky_enabled=&#8221;0&#8243;][\/et_pb_button][et_pb_button button_url=&#8221;@ET-DC@eyJkeW5hbWljIjp0cnVlLCJjb250ZW50IjoicG9zdF9saW5rX3VybF9wb3N0Iiwic2V0dGluZ3MiOnsicG9zdF9pZCI6IjI3NDI0IiwiZW5hYmxlX2h0bWwiOiJvZmYifX0=@&#8221; button_text=&#8221;Read more about Distillerie Combier&#8221; button_alignment=&#8221;center&#8221; _builder_version=&#8221;4.27.4&#8243; _dynamic_attributes=&#8221;button_url&#8221; _module_preset=&#8221;default&#8221; hover_enabled=&#8221;0&#8243; global_colors_info=&#8221;{}&#8221; sticky_enabled=&#8221;0&#8243;][\/et_pb_button][\/et_pb_column][et_pb_column type=&#8221;1_3&#8243; _builder_version=&#8221;4.27.0&#8243; _module_preset=&#8221;default&#8221; background_color=&#8221;#FFFFFF&#8221; custom_padding=&#8221;2rem|2rem|2rem|2rem|true|true&#8221; box_shadow_style=&#8221;preset1&#8243; global_colors_info=&#8221;{}&#8221;][et_pb_blurb title=&#8221;Dale DeGroff&#8221; image=&#8221;https:\/\/holyspirits.se\/wp-content\/uploads\/2024\/05\/degroff-logo.png&#8221; module_class=&#8221;brand-blurb&#8221; _builder_version=&#8221;4.27.0&#8243; _module_preset=&#8221;default&#8221; header_level=&#8221;h3&#8243; header_font_size=&#8221;28px&#8221; background_color=&#8221;#FFFFFF&#8221; custom_padding=&#8221;||2rem||false|false&#8221; animation=&#8221;off&#8221; global_colors_info=&#8221;{}&#8221;]<\/p>\n<p>Famous mixologist Dale DeGroff isn&#8217;t just the author of &#8220;The Craft of The Cocktail&#8221; and &#8220;The Essential Cocktail&#8221;. He developed his formidable technique and talent during his years bartending in well-known bars &#8211; most notably New York&#8217;s famous Rainbow Room, where in the 1980s he recreated classic cocktails and revitalized the bartending profession, simultaneously setting off a cocktail explosion that continues to change the industry to this day.<\/p>\n<p>[\/et_pb_blurb][et_pb_button button_url=&#8221;https:\/\/holyspirits.se\/en\/brands\/dale-degroff\/&#8221; button_text=&#8221;Products from Dale DeGroff&#8221; button_alignment=&#8221;center&#8221; _builder_version=&#8221;4.27.4&#8243; _module_preset=&#8221;default&#8221; hover_enabled=&#8221;0&#8243; global_colors_info=&#8221;{}&#8221; sticky_enabled=&#8221;0&#8243;][\/et_pb_button][et_pb_button button_url=&#8221;\/en\/stories\/dale-degroff\/&#8221; button_text=&#8221;Read more about Dale DeGroff&#8221; button_alignment=&#8221;center&#8221; _builder_version=&#8221;4.27.4&#8243; _module_preset=&#8221;default&#8221; hover_enabled=&#8221;0&#8243; global_colors_info=&#8221;{}&#8221; disabled_on=&#8221;on|on|on&#8221; disabled=&#8221;on&#8221; sticky_enabled=&#8221;0&#8243;][\/et_pb_button][\/et_pb_column][\/et_pb_row][et_pb_row column_structure=&#8221;1_3,1_3,1_3&#8243; make_equal=&#8221;on&#8221; module_class=&#8221;brand-blurbs&#8221; _builder_version=&#8221;4.27.0&#8243; _module_preset=&#8221;default&#8221; global_colors_info=&#8221;{}&#8221;][et_pb_column type=&#8221;1_3&#8243; _builder_version=&#8221;4.27.0&#8243; _module_preset=&#8221;default&#8221; background_color=&#8221;#FFFFFF&#8221; custom_padding=&#8221;2rem|2rem|2rem|2rem|true|true&#8221; box_shadow_style=&#8221;preset1&#8243; global_colors_info=&#8221;{}&#8221;][et_pb_blurb title=&#8221;Jade Liqueurs&#8221; image=&#8221;https:\/\/holyspirits.se\/wp-content\/uploads\/2024\/05\/jade-liqueurs-logo.jpeg&#8221; module_class=&#8221;brand-blurb&#8221; _builder_version=&#8221;4.27.0&#8243; _module_preset=&#8221;default&#8221; header_level=&#8221;h3&#8243; header_font_size=&#8221;28px&#8221; background_color=&#8221;#FFFFFF&#8221; custom_padding=&#8221;||2rem||false|false&#8221; animation=&#8221;off&#8221; global_colors_info=&#8221;{}&#8221;]<\/p>\n<p>Jade Liqueurs\u00ae was founded in 2000 by T.A. Breaux, a professional scientist who has devoted almost two decades of research to solving the mysteries and myths associated with absinthe. Jade Liqueurs\u00ae was created for the sole purpose of offering the connoisseur the opportunity to experience unmistakable recreations of the classic absinthes we all associate with the decadent Belle \u00c9poque. <\/p>\n<p>[\/et_pb_blurb][et_pb_button button_url=&#8221;https:\/\/holyspirits.se\/en\/brands\/jade-liqueurs\/&#8221; button_text=&#8221;Products from Jade Liqueurs&#8221; button_alignment=&#8221;center&#8221; _builder_version=&#8221;4.27.4&#8243; _module_preset=&#8221;default&#8221; hover_enabled=&#8221;0&#8243; global_colors_info=&#8221;{}&#8221; sticky_enabled=&#8221;0&#8243;][\/et_pb_button][et_pb_button button_url=&#8221;https:\/\/holyspirits.se\/en\/stories\/jade-liqueurs\/&#8221; button_text=&#8221;Read more about Jade Liqueurs&#8221; button_alignment=&#8221;center&#8221; _builder_version=&#8221;4.27.4&#8243; _module_preset=&#8221;default&#8221; hover_enabled=&#8221;0&#8243; global_colors_info=&#8221;{}&#8221; sticky_enabled=&#8221;0&#8243;][\/et_pb_button][\/et_pb_column][et_pb_column type=&#8221;1_3&#8243; _builder_version=&#8221;4.27.0&#8243; _module_preset=&#8221;default&#8221; background_color=&#8221;#FFFFFF&#8221; custom_padding=&#8221;2rem|2rem|2rem|2rem|true|true&#8221; box_shadow_style=&#8221;preset1&#8243; global_colors_info=&#8221;{}&#8221;][et_pb_blurb title=&#8221;\u017duf\u00e1nek&#8221; image=&#8221;https:\/\/holyspirits.se\/wp-content\/uploads\/2024\/07\/zufanek-logo.svg&#8221; module_class=&#8221;brand-blurb&#8221; _builder_version=&#8221;4.27.0&#8243; _module_preset=&#8221;default&#8221; header_level=&#8221;h3&#8243; header_font_size=&#8221;28px&#8221; background_color=&#8221;#FFFFFF&#8221; custom_padding=&#8221;||2rem||false|false&#8221; animation=&#8221;off&#8221; global_colors_info=&#8221;{}&#8221;]<\/p>\n<p>ZUFANEK s.r.o. was founded in 2000 by Marcela and Josef \u017duf\u00e1nek and their sons Martin, Josef and Jan. It is based in the village of Bor\u0161ice u Blatnice near Uhersk\u00e9 Hradi\u0161t\u011b in South Moravia, Czech Republic.<\/p>\n<p>Their own orchards, which surround the distillery, are located in one of the best places for fruit growing in Moravia. The fruit is used to produce fine products, 100% natural and made according to proven original recipes. At Zufanek, they make products they like themselves &#8211; and which they are proud of.<\/p>\n<p>[\/et_pb_blurb][et_pb_button button_url=&#8221;https:\/\/holyspirits.se\/en\/brands\/zufanek\/&#8221; button_text=&#8221;Products from Zufanek&#8221; button_alignment=&#8221;center&#8221; _builder_version=&#8221;4.27.4&#8243; _module_preset=&#8221;default&#8221; hover_enabled=&#8221;0&#8243; global_colors_info=&#8221;{}&#8221; sticky_enabled=&#8221;0&#8243;][\/et_pb_button][et_pb_button button_url=&#8221;https:\/\/holyspirits.se\/stories\/zufanek\/&#8221; button_text=&#8221;Read more about Zufanek&#8221; button_alignment=&#8221;center&#8221; _builder_version=&#8221;4.27.4&#8243; _module_preset=&#8221;default&#8221; hover_enabled=&#8221;0&#8243; global_colors_info=&#8221;{}&#8221; sticky_enabled=&#8221;0&#8243;][\/et_pb_button][\/et_pb_column][et_pb_column type=&#8221;1_3&#8243; disabled_on=&#8221;on|on|on&#8221; _builder_version=&#8221;4.27.0&#8243; _module_preset=&#8221;default&#8221; background_color=&#8221;#FFFFFF&#8221; custom_padding=&#8221;2rem|2rem|2rem|2rem|true|true&#8221; box_shadow_style=&#8221;preset1&#8243; disabled=&#8221;on&#8221; global_colors_info=&#8221;{}&#8221;][\/et_pb_column][\/et_pb_row][\/et_pb_section]<\/p>\n","protected":false},"excerpt":{"rendered":"<p>With us, you will find a well curated selection of brands that all focus entirely on high quality, craftsmanship and pride in their products. We work with people, and their brands, who have the same passion for good drinks as we do.Vittorio Zoppi and Filippo Antonelli founded the company Antica Torino to produce and rediscover [&hellip;]<\/p>\n","protected":false},"author":1,"featured_media":27551,"parent":0,"menu_order":0,"comment_status":"closed","ping_status":"closed","template":"","meta":{"_acf_changed":false,"_et_pb_use_builder":"on","_et_pb_old_content":"","_et_gb_content_width":"","content-type":"","footnotes":""},"class_list":["post-27773","page","type-page","status-publish","has-post-thumbnail","hentry"],"acf":[],"_links":{"self":[{"href":"https:\/\/holyspirits.se\/en\/wp-json\/wp\/v2\/pages\/27773","targetHints":{"allow":["GET"]}}],"collection":[{"href":"https:\/\/holyspirits.se\/en\/wp-json\/wp\/v2\/pages"}],"about":[{"href":"https:\/\/holyspirits.se\/en\/wp-json\/wp\/v2\/types\/page"}],"author":[{"embeddable":true,"href":"https:\/\/holyspirits.se\/en\/wp-json\/wp\/v2\/users\/1"}],"replies":[{"embeddable":true,"href":"https:\/\/holyspirits.se\/en\/wp-json\/wp\/v2\/comments?post=27773"}],"version-history":[{"count":0,"href":"https:\/\/holyspirits.se\/en\/wp-json\/wp\/v2\/pages\/27773\/revisions"}],"wp:featuredmedia":[{"embeddable":true,"href":"https:\/\/holyspirits.se\/en\/wp-json\/wp\/v2\/media\/27551"}],"wp:attachment":[{"href":"https:\/\/holyspirits.se\/en\/wp-json\/wp\/v2\/media?parent=27773"}],"curies":[{"name":"wp","href":"https:\/\/api.w.org\/{rel}","templated":true}]}}