{"id":33488,"date":"2026-02-12T13:37:57","date_gmt":"2026-02-12T12:37:57","guid":{"rendered":"https:\/\/holyspirits.se\/?post_type=product&#038;p=33488"},"modified":"2026-02-12T14:22:34","modified_gmt":"2026-02-12T13:22:34","slug":"la-menthe-combier-blanche-myntelikor","status":"publish","type":"product","link":"https:\/\/holyspirits.se\/da\/la-menthe-combier-blanche-myntelikor\/","title":{"rendered":"La Menthe Combier Blanche &#8211; Mynte lik\u00f8r"},"content":{"rendered":"<p>Dette er en klassisk myntelik\u00f8r, eller Cr\u00e8me de Menthe\/Liqueur Menthe fra Combier, som har en prikkende friskhed fra mynten i en dejlig kombination med en bl\u00f8d s\u00f8dme. Den bringer hurtigt tankerne hen p\u00e5 Alperne, men er lige s\u00e5 god \u2013 eller endnu bedre \u2013 som en drink til en picnic midt p\u00e5 sommeren. <\/p>\n<h2>Hvad bruges myntelik\u00f8r til?<\/h2>\n<p>Drik det som franskm\u00e6ndene g\u00f8r! Som aperitif eller digestif \u2013 med eller uden is. Med et stykke chokolade ved siden af eller en smule i din varme chokolade&#8230;  <\/p>\n<h2>Hvilke cocktails kan man lave med myntelik\u00f8r?<\/h2>\n<p>Historisk set findes der en lang r\u00e6kke klassiske cocktails, der p\u00e5 den ene eller anden m\u00e5de indeholder myntelik\u00f8r, eller Cr\u00e8me de Menthe, som det ogs\u00e5 kaldes. Et par af vores absolutte favoritter er for eksempel Grasshopper, som vi synes er meget bedre med hvid myntelik\u00f8r i stedet for gr\u00f8n. Det giver simpelthen en mere raffineret drink med lidt mere klasse. En Stinger, i al sin enkelhed, er et must, n\u00e5r du har myntelik\u00f8r i n\u00e6rheden, og vi synes, du b\u00f8r pr\u00f8ve et par forskellige variationer. Mynt passer godt til brandy, bourbon, rye, single malt og ikke mindst Combier&#8217;s Amboka Coffee Spirit!    <\/p>\n","protected":false},"excerpt":{"rendered":"<p>Dette er en klassisk myntelik\u00f8r, eller Cr\u00e8me de Menthe\/Liqueur Menthe fra Combier, som har en prikkende friskhed fra mynten i en dejlig kombination med en bl\u00f8d s\u00f8dme.<\/p>\n","protected":false},"featured_media":33490,"template":"","meta":{"_acf_changed":false,"_et_pb_use_builder":"","_et_pb_old_content":"","_et_gb_content_width":"","content-type":""},"product_brand":[],"product_cat":[245,226],"product_tag":[],"class_list":{"0":"post-33488","1":"product","2":"type-product","3":"status-publish","4":"has-post-thumbnail","6":"product_cat-cremes-liqueurs","7":"product_cat-spiritus","8":"pa_brands-combier","10":"first","11":"instock","12":"taxable","13":"shipping-taxable","14":"product-type-simple"},"acf":[],"_links":{"self":[{"href":"https:\/\/holyspirits.se\/da\/wp-json\/wp\/v2\/product\/33488","targetHints":{"allow":["GET"]}}],"collection":[{"href":"https:\/\/holyspirits.se\/da\/wp-json\/wp\/v2\/product"}],"about":[{"href":"https:\/\/holyspirits.se\/da\/wp-json\/wp\/v2\/types\/product"}],"wp:featuredmedia":[{"embeddable":true,"href":"https:\/\/holyspirits.se\/da\/wp-json\/wp\/v2\/media\/33490"}],"wp:attachment":[{"href":"https:\/\/holyspirits.se\/da\/wp-json\/wp\/v2\/media?parent=33488"}],"wp:term":[{"taxonomy":"product_brand","embeddable":true,"href":"https:\/\/holyspirits.se\/da\/wp-json\/wp\/v2\/product_brand?post=33488"},{"taxonomy":"product_cat","embeddable":true,"href":"https:\/\/holyspirits.se\/da\/wp-json\/wp\/v2\/product_cat?post=33488"},{"taxonomy":"product_tag","embeddable":true,"href":"https:\/\/holyspirits.se\/da\/wp-json\/wp\/v2\/product_tag?post=33488"}],"curies":[{"name":"wp","href":"https:\/\/api.w.org\/{rel}","templated":true}]}}