{"id":33477,"date":"2026-02-12T10:34:34","date_gmt":"2026-02-12T09:34:34","guid":{"rendered":"https:\/\/holyspirits.se\/?post_type=product&#038;p=33477"},"modified":"2026-02-12T14:24:59","modified_gmt":"2026-02-12T13:24:59","slug":"la-menthe-combier-framboise-hindbaer-mynte","status":"publish","type":"product","link":"https:\/\/holyspirits.se\/da\/la-menthe-combier-framboise-hindbaer-mynte\/","title":{"rendered":"La Menthe Combier Framboise &#8211; Hindb\u00e6r-mynte lik\u00f8r"},"content":{"rendered":"<p>Denne lik\u00f8r fra Combier er en subtil kombination af myntens sprudlende friskhed og hindb\u00e6rrenes syrlige fylde, der med sin unikke balance charmerer selv de mest ind\u00e6dte lik\u00f8rskeptikere. Den er fremstillet af naturlige myntearomaer og macererede og infunderede hindb\u00e6r, hvilket resulterer i en rig, elegant og intens frugtagtig smagsoplevelse. <\/p>\n<h2>Hvad bruges hindb\u00e6r-mynte-lik\u00f8r til?<\/h2>\n<p>Vi synes, den er bedst, n\u00e5r den serveres godt afk\u00f8let som aperitif eller digestif, s\u00e5 man kan nyde den fulde smag af Combier. Men den passer ogs\u00e5 perfekt til kager og desserter. <\/p>\n<h2>Hvilke cocktails kan man lave med hindb\u00e6r-mynte-lik\u00f8r?<\/h2>\n<p>Kun din fantasi s\u00e6tter gr\u00e6nserne, men en Raspberry Mint Julep eller en Raspberry Mint Martini er noget utroligt forfriskende og lidt forr\u00e6derisk.<\/p>\n","protected":false},"excerpt":{"rendered":"<p>Denne lik\u00f8r er en subtil kombination af myntens sprudlende friskhed og hindb\u00e6rrenes syrlige fylde, der med sin unikke balance charmerer selv de mest ind\u00e6dte lik\u00f8rskeptikere. Den er fremstillet af naturlige myntearomaer og macererede og infunderede hindb\u00e6r, hvilket resulterer i en rig, elegant og intens frugtagtig smagsoplevelse. <\/p>\n","protected":false},"featured_media":33481,"template":"","meta":{"_acf_changed":false,"_et_pb_use_builder":"","_et_pb_old_content":"","_et_gb_content_width":"","content-type":""},"product_brand":[],"product_cat":[245,226],"product_tag":[],"class_list":{"0":"post-33477","1":"product","2":"type-product","3":"status-publish","4":"has-post-thumbnail","6":"product_cat-cremes-liqueurs","7":"product_cat-spiritus","8":"pa_brands-combier","10":"first","11":"instock","12":"taxable","13":"shipping-taxable","14":"product-type-simple"},"acf":[],"_links":{"self":[{"href":"https:\/\/holyspirits.se\/da\/wp-json\/wp\/v2\/product\/33477","targetHints":{"allow":["GET"]}}],"collection":[{"href":"https:\/\/holyspirits.se\/da\/wp-json\/wp\/v2\/product"}],"about":[{"href":"https:\/\/holyspirits.se\/da\/wp-json\/wp\/v2\/types\/product"}],"wp:featuredmedia":[{"embeddable":true,"href":"https:\/\/holyspirits.se\/da\/wp-json\/wp\/v2\/media\/33481"}],"wp:attachment":[{"href":"https:\/\/holyspirits.se\/da\/wp-json\/wp\/v2\/media?parent=33477"}],"wp:term":[{"taxonomy":"product_brand","embeddable":true,"href":"https:\/\/holyspirits.se\/da\/wp-json\/wp\/v2\/product_brand?post=33477"},{"taxonomy":"product_cat","embeddable":true,"href":"https:\/\/holyspirits.se\/da\/wp-json\/wp\/v2\/product_cat?post=33477"},{"taxonomy":"product_tag","embeddable":true,"href":"https:\/\/holyspirits.se\/da\/wp-json\/wp\/v2\/product_tag?post=33477"}],"curies":[{"name":"wp","href":"https:\/\/api.w.org\/{rel}","templated":true}]}}