{"id":33464,"date":"2026-02-05T11:57:21","date_gmt":"2026-02-05T10:57:21","guid":{"rendered":"https:\/\/holyspirits.se\/?post_type=product&#038;p=33464"},"modified":"2026-02-12T10:01:31","modified_gmt":"2026-02-12T09:01:31","slug":"la-menthe-combier-chocolat","status":"publish","type":"product","link":"https:\/\/holyspirits.se\/da\/la-menthe-combier-chocolat\/","title":{"rendered":"La Menthe Combier Chocolat &#8211; Chokolade-mynte-lik\u00f8r"},"content":{"rendered":"<p>Som altid fra Combier f\u00e5r du alt p\u00e5 \u00e9n gang. Dette er en lik\u00f8r med en ekstremt velafbalanceret og bl\u00f8d s\u00f8dme, der ikke er overv\u00e6ldende. Den typiske og tydelige smag af mynte i en fantastisk fin kombination med de varme toner af chokolade binder denne chokolade-mynte-lik\u00f8r sammen til et rent kunstv\u00e6rk. Der er simpelthen intet i denne lik\u00f8r, der distraherer eller er for dominerende.   <\/p>\n<h2>Hvad bruges chokolademynte-lik\u00f8r til?<\/h2>\n<p>Ja, det kan vi godt fort\u00e6lle dig. Enten i al sin enkelhed p\u00e5 en isterning med et stykke fin m\u00f8rk chokolade eller som en sjov variant af en klassisk Stinger (som vi faktisk foretr\u00e6kker med bourbon i stedet for cognac). Men ikke helt uventet kan du h\u00e6lde lidt over en l\u00e6kker vaniljeis til dessert. Enkelt, men s\u00e5 godt!   <\/p>\n","protected":false},"excerpt":{"rendered":"<p>Dette er en lik\u00f8r med en ekstremt velafbalanceret og bl\u00f8d s\u00f8dme, der ikke er overv\u00e6ldende. Den typiske og tydelige smag af mynte i en fantastisk fin kombination med de varme toner af chokolade binder denne chokolade-mynte-lik\u00f8r sammen til et rent kunstv\u00e6rk. Der er simpelthen intet i denne lik\u00f8r, der er spredt eller dominerende.  <\/p>\n","protected":false},"featured_media":33468,"template":"","meta":{"_acf_changed":false,"_et_pb_use_builder":"","_et_pb_old_content":"","_et_gb_content_width":"","content-type":""},"product_brand":[],"product_cat":[245,226],"product_tag":[],"class_list":{"0":"post-33464","1":"product","2":"type-product","3":"status-publish","4":"has-post-thumbnail","6":"product_cat-cremes-liqueurs","7":"product_cat-spiritus","8":"pa_brands-combier","10":"first","11":"instock","12":"taxable","13":"shipping-taxable","14":"product-type-simple"},"acf":[],"_links":{"self":[{"href":"https:\/\/holyspirits.se\/da\/wp-json\/wp\/v2\/product\/33464","targetHints":{"allow":["GET"]}}],"collection":[{"href":"https:\/\/holyspirits.se\/da\/wp-json\/wp\/v2\/product"}],"about":[{"href":"https:\/\/holyspirits.se\/da\/wp-json\/wp\/v2\/types\/product"}],"wp:featuredmedia":[{"embeddable":true,"href":"https:\/\/holyspirits.se\/da\/wp-json\/wp\/v2\/media\/33468"}],"wp:attachment":[{"href":"https:\/\/holyspirits.se\/da\/wp-json\/wp\/v2\/media?parent=33464"}],"wp:term":[{"taxonomy":"product_brand","embeddable":true,"href":"https:\/\/holyspirits.se\/da\/wp-json\/wp\/v2\/product_brand?post=33464"},{"taxonomy":"product_cat","embeddable":true,"href":"https:\/\/holyspirits.se\/da\/wp-json\/wp\/v2\/product_cat?post=33464"},{"taxonomy":"product_tag","embeddable":true,"href":"https:\/\/holyspirits.se\/da\/wp-json\/wp\/v2\/product_tag?post=33464"}],"curies":[{"name":"wp","href":"https:\/\/api.w.org\/{rel}","templated":true}]}}