{"id":30075,"date":"2025-05-23T10:08:52","date_gmt":"2025-05-23T08:08:52","guid":{"rendered":"https:\/\/holyspirits.se\/?post_type=product&#038;p=30075"},"modified":"2025-06-12T10:19:58","modified_gmt":"2025-06-12T08:19:58","slug":"creme-de-pamplemousse-rose","status":"publish","type":"product","link":"https:\/\/holyspirits.se\/da\/creme-de-pamplemousse-rose\/","title":{"rendered":"Cr\u00e9me de Pamplemousse Rose"},"content":{"rendered":"<p>Creme de Pamplemousse Rose er fremstillet af grapefrugtekstrakt og er bl\u00f8d og mild med en perfekt s\u00f8dme. Den er et naturligt valg i cocktails som Sunset Strip, Paloma Rosa eller New Ceremony, men citrusnoterne passer ogs\u00e5 s\u00e6rligt godt til en mousserende ros\u00e9vin, men ogs\u00e5 i en frisk citrussalat eller p\u00e5 en sorbet. Combier&#8217;s cremer er et h\u00e5ndv\u00e6rk uden sidestykke, og f\u00e5 kan m\u00e5le sig med deres aroma og smag.  <\/p>\n","protected":false},"excerpt":{"rendered":"<p>Creme de Pamplemousse Rose er fremstillet af grapefrugtekstrakt og er bl\u00f8d og mild med en perfekt s\u00f8dme. Den er et naturligt valg i cocktails som Sunset Strip, Paloma Rosa eller New Ceremony, men citrusnoterne passer ogs\u00e5 s\u00e6rligt godt til en mousserende ros\u00e9vin, men ogs\u00e5 i en frisk citrussalat eller p\u00e5 en sorbet. Combier&#8217;s cremer er et h\u00e5ndv\u00e6rk uden sidestykke, og f\u00e5 kan m\u00e5le sig med deres aroma og smag.  <\/p>\n","protected":false},"featured_media":30081,"template":"","meta":{"_acf_changed":false,"_et_pb_use_builder":"","_et_pb_old_content":"","_et_gb_content_width":"","content-type":""},"product_brand":[],"product_cat":[245,226],"product_tag":[],"class_list":{"0":"post-30075","1":"product","2":"type-product","3":"status-publish","4":"has-post-thumbnail","6":"product_cat-cremes-liqueurs","7":"product_cat-spiritus","8":"pa_brands-combier","10":"first","11":"instock","12":"taxable","13":"shipping-taxable","14":"product-type-simple"},"acf":[],"_links":{"self":[{"href":"https:\/\/holyspirits.se\/da\/wp-json\/wp\/v2\/product\/30075","targetHints":{"allow":["GET"]}}],"collection":[{"href":"https:\/\/holyspirits.se\/da\/wp-json\/wp\/v2\/product"}],"about":[{"href":"https:\/\/holyspirits.se\/da\/wp-json\/wp\/v2\/types\/product"}],"wp:featuredmedia":[{"embeddable":true,"href":"https:\/\/holyspirits.se\/da\/wp-json\/wp\/v2\/media\/30081"}],"wp:attachment":[{"href":"https:\/\/holyspirits.se\/da\/wp-json\/wp\/v2\/media?parent=30075"}],"wp:term":[{"taxonomy":"product_brand","embeddable":true,"href":"https:\/\/holyspirits.se\/da\/wp-json\/wp\/v2\/product_brand?post=30075"},{"taxonomy":"product_cat","embeddable":true,"href":"https:\/\/holyspirits.se\/da\/wp-json\/wp\/v2\/product_cat?post=30075"},{"taxonomy":"product_tag","embeddable":true,"href":"https:\/\/holyspirits.se\/da\/wp-json\/wp\/v2\/product_tag?post=30075"}],"curies":[{"name":"wp","href":"https:\/\/api.w.org\/{rel}","templated":true}]}}