{"id":30006,"date":"2025-05-15T17:35:21","date_gmt":"2025-05-15T15:35:21","guid":{"rendered":"https:\/\/holyspirits.se\/?post_type=product&#038;p=30006"},"modified":"2025-06-18T14:49:09","modified_gmt":"2025-06-18T12:49:09","slug":"pastis-combier","status":"publish","type":"product","link":"https:\/\/holyspirits.se\/da\/pastis-combier\/","title":{"rendered":"Pastis Combier"},"content":{"rendered":"<p>Pastis Combier fremstilles p\u00e5 traditionel vis med badian (stjerneanis). Den er let og forfriskende med en helt naturlig benhvid farve og lysegr\u00f8nne nuancer uden tils\u00e6tning af farvestoffer eller sukker. Opskriften, der er udviklet af Combiers mesterdestiller, indeholder mere end tredive forskellige planter og krydderier, der er n\u00f8je doseret for at give dybde og en delikat, fyldig smag.  <\/p>\n","protected":false},"excerpt":{"rendered":"<p>Pastis Combier fremstilles p\u00e5 traditionel vis med badian (stjerneanis). Den er let og forfriskende med en helt naturlig benhvid farve og lysegr\u00f8nne nuancer uden tils\u00e6tning af farvestoffer eller sukker. Opskriften, der er udviklet af Combiers mesterdestiller, indeholder mere end tredive forskellige planter og krydderier, der er n\u00f8je doseret for at give dybde og en delikat, fyldig smag.  <\/p>\n","protected":false},"featured_media":30000,"template":"","meta":{"_acf_changed":false,"_et_pb_use_builder":"","_et_pb_old_content":"","_et_gb_content_width":"","content-type":""},"product_brand":[],"product_cat":[249,226],"product_tag":[457],"class_list":{"0":"post-30006","1":"product","2":"type-product","3":"status-publish","4":"has-post-thumbnail","6":"product_cat-absinthe-anis","7":"product_cat-spiritus","8":"product_tag-systembolaget-da","9":"pa_brands-combier","11":"first","12":"instock","13":"taxable","14":"shipping-taxable","15":"product-type-simple"},"acf":[],"_links":{"self":[{"href":"https:\/\/holyspirits.se\/da\/wp-json\/wp\/v2\/product\/30006","targetHints":{"allow":["GET"]}}],"collection":[{"href":"https:\/\/holyspirits.se\/da\/wp-json\/wp\/v2\/product"}],"about":[{"href":"https:\/\/holyspirits.se\/da\/wp-json\/wp\/v2\/types\/product"}],"wp:featuredmedia":[{"embeddable":true,"href":"https:\/\/holyspirits.se\/da\/wp-json\/wp\/v2\/media\/30000"}],"wp:attachment":[{"href":"https:\/\/holyspirits.se\/da\/wp-json\/wp\/v2\/media?parent=30006"}],"wp:term":[{"taxonomy":"product_brand","embeddable":true,"href":"https:\/\/holyspirits.se\/da\/wp-json\/wp\/v2\/product_brand?post=30006"},{"taxonomy":"product_cat","embeddable":true,"href":"https:\/\/holyspirits.se\/da\/wp-json\/wp\/v2\/product_cat?post=30006"},{"taxonomy":"product_tag","embeddable":true,"href":"https:\/\/holyspirits.se\/da\/wp-json\/wp\/v2\/product_tag?post=30006"}],"curies":[{"name":"wp","href":"https:\/\/api.w.org\/{rel}","templated":true}]}}