{"id":29988,"date":"2025-05-14T13:16:04","date_gmt":"2025-05-14T11:16:04","guid":{"rendered":"https:\/\/holyspirits.se\/?post_type=product&#038;p=29988"},"modified":"2025-06-12T10:22:46","modified_gmt":"2025-06-12T08:22:46","slug":"liqueur-pure-folie","status":"publish","type":"product","link":"https:\/\/holyspirits.se\/da\/liqueur-pure-folie\/","title":{"rendered":"Liqueur Pure Folie"},"content":{"rendered":"<p>Pure Folie er en elegant og sofistikeret lik\u00f8r, der bogstaveligt talt er essensen af jordb\u00e6r, en specialitet fra Loire-dalen. Duften er frugtagtig og berusende, og jordb\u00e6rrenes intensitet m\u00f8des i munden med den livlige mineralitet fra den hvide Chenin-vin fra Saumur. Krydrede toner og en subtil bitterhed bidrager til kompleksiteten. Pure Folie er en gourmetlik\u00f8r, der giver cocktails en ekstra dimension og desserter det lille ekstra.   <\/p>\n","protected":false},"excerpt":{"rendered":"<p>Pure Folie er en yderst elegant og sofistikeret lik\u00f8r, der bogstaveligt talt er essensen af jordb\u00e6r, en specialitet fra Loire-dalen. Duften er frugtagtig og berusende, og jordb\u00e6rrenes intensitet m\u00f8des i munden med den livlige mineralitet fra den hvide Chenin-vin fra Saumur. Krydrede toner og en subtil bitterhed bidrager til kompleksiteten. Pure Folie er en gourmetlik\u00f8r, der giver cocktails en ekstra dimension og desserter det lille ekstra.   <\/p>\n","protected":false},"featured_media":29939,"template":"","meta":{"_acf_changed":false,"_et_pb_use_builder":"","_et_pb_old_content":"","_et_gb_content_width":"","content-type":""},"product_brand":[],"product_cat":[245,226],"product_tag":[],"class_list":{"0":"post-29988","1":"product","2":"type-product","3":"status-publish","4":"has-post-thumbnail","6":"product_cat-cremes-liqueurs","7":"product_cat-spiritus","8":"pa_brands-combier","10":"first","11":"instock","12":"taxable","13":"shipping-taxable","14":"product-type-simple"},"acf":[],"_links":{"self":[{"href":"https:\/\/holyspirits.se\/da\/wp-json\/wp\/v2\/product\/29988","targetHints":{"allow":["GET"]}}],"collection":[{"href":"https:\/\/holyspirits.se\/da\/wp-json\/wp\/v2\/product"}],"about":[{"href":"https:\/\/holyspirits.se\/da\/wp-json\/wp\/v2\/types\/product"}],"wp:featuredmedia":[{"embeddable":true,"href":"https:\/\/holyspirits.se\/da\/wp-json\/wp\/v2\/media\/29939"}],"wp:attachment":[{"href":"https:\/\/holyspirits.se\/da\/wp-json\/wp\/v2\/media?parent=29988"}],"wp:term":[{"taxonomy":"product_brand","embeddable":true,"href":"https:\/\/holyspirits.se\/da\/wp-json\/wp\/v2\/product_brand?post=29988"},{"taxonomy":"product_cat","embeddable":true,"href":"https:\/\/holyspirits.se\/da\/wp-json\/wp\/v2\/product_cat?post=29988"},{"taxonomy":"product_tag","embeddable":true,"href":"https:\/\/holyspirits.se\/da\/wp-json\/wp\/v2\/product_tag?post=29988"}],"curies":[{"name":"wp","href":"https:\/\/api.w.org\/{rel}","templated":true}]}}