{"id":29982,"date":"2025-05-13T14:52:49","date_gmt":"2025-05-13T12:52:49","guid":{"rendered":"https:\/\/holyspirits.se\/?post_type=product&#038;p=29982"},"modified":"2025-06-12T10:22:09","modified_gmt":"2025-06-12T08:22:09","slug":"amboka-coffee-spirit","status":"publish","type":"product","link":"https:\/\/holyspirits.se\/da\/amboka-coffee-spirit\/","title":{"rendered":"Amboka Coffee Spirit"},"content":{"rendered":"<p>Amboka er fremstillet af to blandinger af premium kaffeb\u00f8nner, der destilleres i sm\u00e5 partier ved hj\u00e6lp af destillationsapparater fra 1800-tallet p\u00e5 Distillerie Combier i Frankrig. Amboka er destilleret og derfor mindre s\u00f8d end traditionelle kaffelik\u00f8rer og har den rundhed og finesse, der er f\u00e6lles for alle Combier-kreationer. Amboka er en krystalklar cocktailbase, der forvandler dine kaffecocktails med sin dristige og komplekse aromastruktur: syrlig og frugtagtig med et strejf af intens m\u00f8rk chokolade.  <\/p>\n","protected":false},"excerpt":{"rendered":"<p>Amboka er fremstillet af to blandinger af premium kaffeb\u00f8nner, der destilleres i sm\u00e5 partier. Den er mindre s\u00f8d end traditionelle kaffelik\u00f8rer og har den rundhed og finesse, der er f\u00e6lles for alle Combiers kreationer. Amboka er en krystalklar cocktailbase, der forvandler kaffecocktails med sin dristige og komplekse aromastruktur: syrlig og frugtagtig med et strejf af intens m\u00f8rk chokolade.  <\/p>\n","protected":false},"featured_media":29945,"template":"","meta":{"_acf_changed":false,"_et_pb_use_builder":"","_et_pb_old_content":"","_et_gb_content_width":"","content-type":""},"product_brand":[],"product_cat":[225,226],"product_tag":[],"class_list":{"0":"post-29982","1":"product","2":"type-product","3":"status-publish","4":"has-post-thumbnail","6":"product_cat-gin-vodka","7":"product_cat-spiritus","8":"pa_brands-combier","10":"first","11":"instock","12":"taxable","13":"shipping-taxable","14":"product-type-simple"},"acf":[],"_links":{"self":[{"href":"https:\/\/holyspirits.se\/da\/wp-json\/wp\/v2\/product\/29982","targetHints":{"allow":["GET"]}}],"collection":[{"href":"https:\/\/holyspirits.se\/da\/wp-json\/wp\/v2\/product"}],"about":[{"href":"https:\/\/holyspirits.se\/da\/wp-json\/wp\/v2\/types\/product"}],"wp:featuredmedia":[{"embeddable":true,"href":"https:\/\/holyspirits.se\/da\/wp-json\/wp\/v2\/media\/29945"}],"wp:attachment":[{"href":"https:\/\/holyspirits.se\/da\/wp-json\/wp\/v2\/media?parent=29982"}],"wp:term":[{"taxonomy":"product_brand","embeddable":true,"href":"https:\/\/holyspirits.se\/da\/wp-json\/wp\/v2\/product_brand?post=29982"},{"taxonomy":"product_cat","embeddable":true,"href":"https:\/\/holyspirits.se\/da\/wp-json\/wp\/v2\/product_cat?post=29982"},{"taxonomy":"product_tag","embeddable":true,"href":"https:\/\/holyspirits.se\/da\/wp-json\/wp\/v2\/product_tag?post=29982"}],"curies":[{"name":"wp","href":"https:\/\/api.w.org\/{rel}","templated":true}]}}