{"id":29969,"date":"2025-04-25T14:55:53","date_gmt":"2025-04-25T12:55:53","guid":{"rendered":"https:\/\/holyspirits.se\/?post_type=product&#038;p=29969"},"modified":"2025-06-12T10:20:55","modified_gmt":"2025-06-12T08:20:55","slug":"gin-meridor","status":"publish","type":"product","link":"https:\/\/holyspirits.se\/da\/gin-meridor\/","title":{"rendered":"Gin Meridor"},"content":{"rendered":"<p>Gin Meridor er den f\u00f8rste London Dry Gin, der produceres i Loire-dalen. Opskriften, der er skabt af Franck Choisne, er resultatet af over to \u00e5rs forskning og udvikling og fremstilles ved at destillere alle ingredienser sammen i Combiers historiske alembic-destillationsapparater. Apparatet, med sine us\u00e6dvanligt lange svanehalse, er perfekt til denne type spiritus og udtr\u00e6kker maksimalt aroma og smag fra de n\u00f8je udvalgte ingredienser. Gin Meridor f\u00e5r sin karakteristiske og blomstrende profil fra blandt andet rosenblad, hyldeblomst, eneb\u00e6r, koriander, citronzest, irisrod, kubeb og lakrids.   <\/p>\n<p>Gin Meridor er en favorit blandt gin-kendere og vandt prestigefyldte priser allerede det f\u00f8rste \u00e5r, den blev lanceret. Den har f\u00e5et sit navn efter Diana af M\u00e9ridor, den romantiske heltinde i Alexandre Dumas&#8217; roman La dame de Monsoreau. <\/p>\n","protected":false},"excerpt":{"rendered":"<p>Gin Meridor, den f\u00f8rste London Dry Gin, der er produceret i Loire-dalen, f\u00e5r sin karakteristiske og blomstrende profil fra blandt andet rosenblade, hyldeblomst, eneb\u00e6r, koriander, citronzest, irisrod, kubeb og lakrids. En favorit blandt gin-kendere, der vandt prestigefyldte priser allerede det f\u00f8rste \u00e5r, den blev lanceret. Den har f\u00e5et sit navn efter Diana af M\u00e9ridor, den romantiske heltinde i Alexandre Dumas&#8217; roman La dame de Monsoreau.  <\/p>\n","protected":false},"featured_media":29915,"template":"","meta":{"_acf_changed":false,"_et_pb_use_builder":"","_et_pb_old_content":"","_et_gb_content_width":"","content-type":""},"product_brand":[],"product_cat":[408,225,233,226],"product_tag":[],"class_list":{"0":"post-29969","1":"product","2":"type-product","3":"status-publish","4":"has-post-thumbnail","6":"product_cat-corpse-reviver-2","7":"product_cat-gin-vodka","8":"product_cat-negroni","9":"product_cat-spiritus","10":"pa_brands-combier","12":"first","13":"instock","14":"taxable","15":"shipping-taxable","16":"product-type-simple"},"acf":[],"_links":{"self":[{"href":"https:\/\/holyspirits.se\/da\/wp-json\/wp\/v2\/product\/29969","targetHints":{"allow":["GET"]}}],"collection":[{"href":"https:\/\/holyspirits.se\/da\/wp-json\/wp\/v2\/product"}],"about":[{"href":"https:\/\/holyspirits.se\/da\/wp-json\/wp\/v2\/types\/product"}],"wp:featuredmedia":[{"embeddable":true,"href":"https:\/\/holyspirits.se\/da\/wp-json\/wp\/v2\/media\/29915"}],"wp:attachment":[{"href":"https:\/\/holyspirits.se\/da\/wp-json\/wp\/v2\/media?parent=29969"}],"wp:term":[{"taxonomy":"product_brand","embeddable":true,"href":"https:\/\/holyspirits.se\/da\/wp-json\/wp\/v2\/product_brand?post=29969"},{"taxonomy":"product_cat","embeddable":true,"href":"https:\/\/holyspirits.se\/da\/wp-json\/wp\/v2\/product_cat?post=29969"},{"taxonomy":"product_tag","embeddable":true,"href":"https:\/\/holyspirits.se\/da\/wp-json\/wp\/v2\/product_tag?post=29969"}],"curies":[{"name":"wp","href":"https:\/\/api.w.org\/{rel}","templated":true}]}}