{"id":29951,"date":"2025-04-22T12:53:44","date_gmt":"2025-04-22T10:53:44","guid":{"rendered":"https:\/\/holyspirits.se\/?post_type=product&#038;p=29951"},"modified":"2025-06-18T14:51:48","modified_gmt":"2025-06-18T12:51:48","slug":"original-combier-triple-sec","status":"publish","type":"product","link":"https:\/\/holyspirits.se\/da\/original-combier-triple-sec\/","title":{"rendered":"L&#8217;Original Combier Triple Sec"},"content":{"rendered":"<p>Hvad med verdens allerf\u00f8rste Triple Sec? Ja, det er faktisk tilf\u00e6ldet. F\u00f8r Cointreau, for alle de andre. Det er pr\u00e6cis derfor, den hedder L&#8217;Original Combier. Denne ber\u00f8mte lik\u00f8r blev oprindeligt udviklet i en enkelt lille destillationsovn bagerst i den butik, som konditor Jean-Baptiste Combier og hans kone Josephine Destre \u00e5bnede i 1834 i Saumur i Frankrig. L&#8217;Original Combier Triple Sec appelsinlik\u00f8r er blevet produceret i Combier-destilleriet p\u00e5 samme sted uafbrudt siden da med et unikt h\u00e5ndv\u00e6rk i de samme kobberpander, som har v\u00e6ret p\u00e5 destilleriet siden det 19. \u00e5rhundrede. Den historiske opskrift er forblevet u\u00e6ndret, og det utrolige h\u00e5ndv\u00e6rk skinner igennem i den bl\u00f8de, men karakteristiske appelsinsmag. Appelsinskaller importeret fra Caribien rives i h\u00e5nden p\u00e5 destilleriet. Den rene destillation af s\u00f8de og bitre appelsiner, vand og sukker er ikke tilsat farve- eller smagsstoffer.<\/p>\n<p>Der er flere, der efterligner Combiers Triple Sec, men der er kun \u00e9n original, og der er tydeligvis ikke mange, der lever op til den helt vidunderlige profil og smag af Original Combier. Dette er \u00e6gte appelsinlik\u00f8r. Hvis du vil have, at dine drinks skal smage, som det var meningen, er der ingen tvivl om, at denne skal st\u00e5 p\u00e5 hylden.  <\/p>\n","protected":false},"excerpt":{"rendered":"<p>Hvad med verdens allerf\u00f8rste Triple Sec? Ja, det er det faktisk. F\u00f8r Cointreau, f\u00f8r alle de andre. Det er pr\u00e6cis derfor, den hedder L&#8217;Original Combier. Denne ber\u00f8mte lik\u00f8r produceres p\u00e5 Combier-destilleriet i Saumur, Loire. Appelsinskaller importeret fra Caribien bliver revet i h\u00e5nden p\u00e5 destilleriet. Den rene destillation af s\u00f8de og bitre appelsiner, vand og sukker tils\u00e6ttes ingen farve- eller smagsstoffer.      <\/p>\n","protected":false},"featured_media":29927,"template":"","meta":{"_acf_changed":false,"_et_pb_use_builder":"","_et_pb_old_content":"","_et_gb_content_width":"","content-type":""},"product_brand":[],"product_cat":[245,226],"product_tag":[457],"class_list":{"0":"post-29951","1":"product","2":"type-product","3":"status-publish","4":"has-post-thumbnail","6":"product_cat-cremes-liqueurs","7":"product_cat-spiritus","8":"product_tag-systembolaget-da","9":"pa_brands-combier","11":"first","12":"instock","13":"taxable","14":"shipping-taxable","15":"product-type-simple"},"acf":[],"_links":{"self":[{"href":"https:\/\/holyspirits.se\/da\/wp-json\/wp\/v2\/product\/29951","targetHints":{"allow":["GET"]}}],"collection":[{"href":"https:\/\/holyspirits.se\/da\/wp-json\/wp\/v2\/product"}],"about":[{"href":"https:\/\/holyspirits.se\/da\/wp-json\/wp\/v2\/types\/product"}],"wp:featuredmedia":[{"embeddable":true,"href":"https:\/\/holyspirits.se\/da\/wp-json\/wp\/v2\/media\/29927"}],"wp:attachment":[{"href":"https:\/\/holyspirits.se\/da\/wp-json\/wp\/v2\/media?parent=29951"}],"wp:term":[{"taxonomy":"product_brand","embeddable":true,"href":"https:\/\/holyspirits.se\/da\/wp-json\/wp\/v2\/product_brand?post=29951"},{"taxonomy":"product_cat","embeddable":true,"href":"https:\/\/holyspirits.se\/da\/wp-json\/wp\/v2\/product_cat?post=29951"},{"taxonomy":"product_tag","embeddable":true,"href":"https:\/\/holyspirits.se\/da\/wp-json\/wp\/v2\/product_tag?post=29951"}],"curies":[{"name":"wp","href":"https:\/\/api.w.org\/{rel}","templated":true}]}}