{"id":29275,"date":"2024-11-26T11:48:28","date_gmt":"2024-11-26T10:48:28","guid":{"rendered":"https:\/\/holyspirits.se\/combier-sirop-la-folie-mangue-mango-syrup\/"},"modified":"2024-12-08T15:06:45","modified_gmt":"2024-12-08T14:06:45","slug":"combier-sirop-la-folie-mangue-mango-syrup","status":"publish","type":"product","link":"https:\/\/holyspirits.se\/da\/combier-sirop-la-folie-mangue-mango-syrup\/","title":{"rendered":"Combier Sirop La Folie &#8211; Mango"},"content":{"rendered":"<p>Tal om mango! Sirop La Folie Mangue, eller mangosirup, er en bombe af eksotiske smage. Det ville v\u00e6re kriminelt at undv\u00e6re den, n\u00e5r man skal mikse paraplydrinks (eller Tiki-drinks, som vi m\u00e5ske hellere vil kalde dem). Combiers mangosirup er lavet med helt naturlige smagsstoffer fra mangosaft, s\u00e5 der er ingen slinger i valsen her. Nu er det tid til at tage smagen af solskin og iskolde strande til et nyt niveau. V\u00e6rsgo, siger vi.     <\/p>\n","protected":false},"excerpt":{"rendered":"<p>Tal om mango! Sirop La Folie Mangue, dvs. mango, er en bombe af eksotiske smagsoplevelser. Det ville v\u00e6re kriminelt at undv\u00e6re den, n\u00e5r man skal blande paraplydrinks (eller Tiki-drinks, som vi m\u00e5ske hellere vil kalde dem). Combiers Mangosirup er lavet med helt naturlige smagsstoffer fra mangosaft.   <\/p>\n","protected":false},"featured_media":29049,"template":"","meta":{"_acf_changed":false,"_et_pb_use_builder":"","_et_pb_old_content":"","_et_gb_content_width":"","content-type":""},"product_brand":[],"product_cat":[219],"product_tag":[],"class_list":{"0":"post-29275","1":"product","2":"type-product","3":"status-publish","4":"has-post-thumbnail","6":"product_cat-sirup","7":"pa_brands-combier","9":"first","10":"instock","11":"taxable","12":"shipping-taxable","13":"product-type-simple"},"acf":[],"_links":{"self":[{"href":"https:\/\/holyspirits.se\/da\/wp-json\/wp\/v2\/product\/29275","targetHints":{"allow":["GET"]}}],"collection":[{"href":"https:\/\/holyspirits.se\/da\/wp-json\/wp\/v2\/product"}],"about":[{"href":"https:\/\/holyspirits.se\/da\/wp-json\/wp\/v2\/types\/product"}],"wp:featuredmedia":[{"embeddable":true,"href":"https:\/\/holyspirits.se\/da\/wp-json\/wp\/v2\/media\/29049"}],"wp:attachment":[{"href":"https:\/\/holyspirits.se\/da\/wp-json\/wp\/v2\/media?parent=29275"}],"wp:term":[{"taxonomy":"product_brand","embeddable":true,"href":"https:\/\/holyspirits.se\/da\/wp-json\/wp\/v2\/product_brand?post=29275"},{"taxonomy":"product_cat","embeddable":true,"href":"https:\/\/holyspirits.se\/da\/wp-json\/wp\/v2\/product_cat?post=29275"},{"taxonomy":"product_tag","embeddable":true,"href":"https:\/\/holyspirits.se\/da\/wp-json\/wp\/v2\/product_tag?post=29275"}],"curies":[{"name":"wp","href":"https:\/\/api.w.org\/{rel}","templated":true}]}}