{"id":29079,"date":"2024-10-30T13:51:38","date_gmt":"2024-10-30T12:51:38","guid":{"rendered":"https:\/\/holyspirits.se\/?post_type=product&#038;p=29079"},"modified":"2024-12-08T15:13:09","modified_gmt":"2024-12-08T14:13:09","slug":"combier-sirop-la-folie-kokosnod","status":"publish","type":"product","link":"https:\/\/holyspirits.se\/da\/combier-sirop-la-folie-kokosnod\/","title":{"rendered":"Combier Sirop La Folie &#8211; Kokosn\u00f8d"},"content":{"rendered":"<p>Sirop La Folie Coconut har en klar og bl\u00f8d smag og aroma af friskkl\u00f8vet kokosn\u00f8d. Naturligvis er Sirop Noix de Coco (ja, det lyder lidt eksotisk p\u00e5 fransk) en fast bestanddel i eksotiske cocktails og perfekt til alkoholfrie alternativer i baren. Men som enhver kan regne ud, er det en fantastisk ingrediens at bruge i bagv\u00e6rk og desserter.  <\/p>\n","protected":false},"excerpt":{"rendered":"<p>Sirop La Folie Coconut har en klar og bl\u00f8d smag og aroma af friskkl\u00f8vet kokosn\u00f8d. Naturligvis er Sirop Noix de Coco (ja, det lyder lidt eksotisk p\u00e5 fransk) en fast bestanddel i eksotiske cocktails og perfekt til alkoholfrie alternativer i baren. Men som enhver kan regne ud, er det en fantastisk ingrediens at bruge i bagv\u00e6rk og desserter.  <\/p>\n","protected":false},"featured_media":29055,"template":"","meta":{"_acf_changed":false,"_et_pb_use_builder":"","_et_pb_old_content":"","_et_gb_content_width":"","content-type":""},"product_brand":[],"product_cat":[219],"product_tag":[],"class_list":{"0":"post-29079","1":"product","2":"type-product","3":"status-publish","4":"has-post-thumbnail","6":"product_cat-sirup","7":"pa_brands-combier","9":"first","10":"instock","11":"taxable","12":"shipping-taxable","13":"product-type-simple"},"acf":[],"_links":{"self":[{"href":"https:\/\/holyspirits.se\/da\/wp-json\/wp\/v2\/product\/29079","targetHints":{"allow":["GET"]}}],"collection":[{"href":"https:\/\/holyspirits.se\/da\/wp-json\/wp\/v2\/product"}],"about":[{"href":"https:\/\/holyspirits.se\/da\/wp-json\/wp\/v2\/types\/product"}],"wp:featuredmedia":[{"embeddable":true,"href":"https:\/\/holyspirits.se\/da\/wp-json\/wp\/v2\/media\/29055"}],"wp:attachment":[{"href":"https:\/\/holyspirits.se\/da\/wp-json\/wp\/v2\/media?parent=29079"}],"wp:term":[{"taxonomy":"product_brand","embeddable":true,"href":"https:\/\/holyspirits.se\/da\/wp-json\/wp\/v2\/product_brand?post=29079"},{"taxonomy":"product_cat","embeddable":true,"href":"https:\/\/holyspirits.se\/da\/wp-json\/wp\/v2\/product_cat?post=29079"},{"taxonomy":"product_tag","embeddable":true,"href":"https:\/\/holyspirits.se\/da\/wp-json\/wp\/v2\/product_tag?post=29079"}],"curies":[{"name":"wp","href":"https:\/\/api.w.org\/{rel}","templated":true}]}}