{"id":29076,"date":"2024-10-29T16:11:04","date_gmt":"2024-10-29T15:11:04","guid":{"rendered":"https:\/\/holyspirits.se\/?post_type=product&#038;p=29076"},"modified":"2024-12-08T15:15:07","modified_gmt":"2024-12-08T14:15:07","slug":"combier-sirup-la-folie-agurk","status":"publish","type":"product","link":"https:\/\/holyspirits.se\/da\/combier-sirup-la-folie-agurk\/","title":{"rendered":"Combier Sirup La Folie &#8211; Agurk"},"content":{"rendered":"<p>Sirop La Folie Cocombre &#8211; eller Agurk, som vi ynder at kalde den herhjemme, er en overraskende sp\u00e6ndende sirup. Ikke alene er agurkesirup hysterisk god i drinks, nej &#8211; den fungerer ogs\u00e5 rigtig godt i den rette m\u00e6ngde over en frisk sommersalat, eller hvorfor ikke et st\u00e6nk i br\u00f8dbagningen? Og sidst, men ikke mindst, i vand med brus (eller bare uden brus, hvis du er en af dem) med lidt is til en dejlig m\u00e5ltidsdrik. Agurkesirup styrer!   <\/p>\n","protected":false},"excerpt":{"rendered":"<p>Sirop La Folie Cocombre &#8211; eller Agurk, som vi ynder at kalde den herhjemme, er en overraskende sp\u00e6ndende sirup. Ikke alene er agurkesirup hysterisk god i drinks, nej &#8211; den fungerer ogs\u00e5 rigtig godt i den rette m\u00e6ngde over en frisk sommersalat, eller hvorfor ikke et st\u00e6nk i br\u00f8dbagningen? Og sidst, men ikke mindst, i danskvand med lidt is.  <\/p>\n","protected":false},"featured_media":29067,"template":"","meta":{"_acf_changed":false,"_et_pb_use_builder":"","_et_pb_old_content":"","_et_gb_content_width":"","content-type":""},"product_brand":[],"product_cat":[219],"product_tag":[],"class_list":{"0":"post-29076","1":"product","2":"type-product","3":"status-publish","4":"has-post-thumbnail","6":"product_cat-sirup","7":"pa_brands-combier","9":"first","10":"instock","11":"taxable","12":"shipping-taxable","13":"product-type-simple"},"acf":[],"_links":{"self":[{"href":"https:\/\/holyspirits.se\/da\/wp-json\/wp\/v2\/product\/29076","targetHints":{"allow":["GET"]}}],"collection":[{"href":"https:\/\/holyspirits.se\/da\/wp-json\/wp\/v2\/product"}],"about":[{"href":"https:\/\/holyspirits.se\/da\/wp-json\/wp\/v2\/types\/product"}],"wp:featuredmedia":[{"embeddable":true,"href":"https:\/\/holyspirits.se\/da\/wp-json\/wp\/v2\/media\/29067"}],"wp:attachment":[{"href":"https:\/\/holyspirits.se\/da\/wp-json\/wp\/v2\/media?parent=29076"}],"wp:term":[{"taxonomy":"product_brand","embeddable":true,"href":"https:\/\/holyspirits.se\/da\/wp-json\/wp\/v2\/product_brand?post=29076"},{"taxonomy":"product_cat","embeddable":true,"href":"https:\/\/holyspirits.se\/da\/wp-json\/wp\/v2\/product_cat?post=29076"},{"taxonomy":"product_tag","embeddable":true,"href":"https:\/\/holyspirits.se\/da\/wp-json\/wp\/v2\/product_tag?post=29076"}],"curies":[{"name":"wp","href":"https:\/\/api.w.org\/{rel}","templated":true}]}}