{"id":29073,"date":"2024-10-29T13:58:26","date_gmt":"2024-10-29T12:58:26","guid":{"rendered":"https:\/\/holyspirits.se\/?post_type=product&#038;p=29073"},"modified":"2024-12-08T15:10:36","modified_gmt":"2024-12-08T14:10:36","slug":"combier-sirop-la-folie-passionsfrugt","status":"publish","type":"product","link":"https:\/\/holyspirits.se\/da\/combier-sirop-la-folie-passionsfrugt\/","title":{"rendered":"Combier Sirop La Folie &#8211; Passionsfrugt"},"content":{"rendered":"<p>Sirop La Folie Passionsfrugt g\u00f8r frugtsirup til en fast bestanddel i baren og derhjemme. Tiki-drinks og cocktails eller desserter og bagv\u00e6rk betyder ikke s\u00e5 meget. Med mindst 20 % passionsfrugtjuice som smagsgiver kan du v\u00e6re sikker p\u00e5, at denne sirup virkelig giver smag &#8211; en smag, der er \u00e6gte.  <\/p>\n","protected":false},"excerpt":{"rendered":"<p>Sirop La Folie Passionsfrugt g\u00f8r frugtsirup til en fast bestanddel i baren og derhjemme. Tiki-drinks og cocktails eller desserter og bagv\u00e6rk betyder ikke s\u00e5 meget. Med mindst 20 % passionsfrugtjuice som smagsgiver kan du v\u00e6re sikker p\u00e5, at denne sirup virkelig giver smag &#8211; en smag, der er \u00e6gte.  <\/p>\n","protected":false},"featured_media":29043,"template":"","meta":{"_acf_changed":false,"_et_pb_use_builder":"","_et_pb_old_content":"","_et_gb_content_width":"","content-type":""},"product_brand":[],"product_cat":[219],"product_tag":[],"class_list":{"0":"post-29073","1":"product","2":"type-product","3":"status-publish","4":"has-post-thumbnail","6":"product_cat-sirup","7":"pa_brands-combier","9":"first","10":"instock","11":"taxable","12":"shipping-taxable","13":"product-type-simple"},"acf":[],"_links":{"self":[{"href":"https:\/\/holyspirits.se\/da\/wp-json\/wp\/v2\/product\/29073","targetHints":{"allow":["GET"]}}],"collection":[{"href":"https:\/\/holyspirits.se\/da\/wp-json\/wp\/v2\/product"}],"about":[{"href":"https:\/\/holyspirits.se\/da\/wp-json\/wp\/v2\/types\/product"}],"wp:featuredmedia":[{"embeddable":true,"href":"https:\/\/holyspirits.se\/da\/wp-json\/wp\/v2\/media\/29043"}],"wp:attachment":[{"href":"https:\/\/holyspirits.se\/da\/wp-json\/wp\/v2\/media?parent=29073"}],"wp:term":[{"taxonomy":"product_brand","embeddable":true,"href":"https:\/\/holyspirits.se\/da\/wp-json\/wp\/v2\/product_brand?post=29073"},{"taxonomy":"product_cat","embeddable":true,"href":"https:\/\/holyspirits.se\/da\/wp-json\/wp\/v2\/product_cat?post=29073"},{"taxonomy":"product_tag","embeddable":true,"href":"https:\/\/holyspirits.se\/da\/wp-json\/wp\/v2\/product_tag?post=29073"}],"curies":[{"name":"wp","href":"https:\/\/api.w.org\/{rel}","templated":true}]}}