{"id":29040,"date":"2024-10-29T11:08:58","date_gmt":"2024-10-29T10:08:58","guid":{"rendered":"https:\/\/holyspirits.se\/?post_type=product&#038;p=29040"},"modified":"2024-12-08T15:08:15","modified_gmt":"2024-12-08T14:08:15","slug":"combier-sirop-la-folie-karamel","status":"publish","type":"product","link":"https:\/\/holyspirits.se\/da\/combier-sirop-la-folie-karamel\/","title":{"rendered":"Combier La Folie-sirup &#8211; Karamel"},"content":{"rendered":"<p>Sirop La Folie Caramel er en sikker klassiker i kaffebaren eller iskiosken. Karamelsirup lavet af helt naturlig karamelsmag. Dette er en virkelig dejlig, bl\u00f8d og klassisk smagssirup, som kan bruges n\u00e6sten overalt! Den er fantastisk til kaffedrikke, is, desserter, bagv\u00e6rk og som et dejligt touch i te.   <\/p>\n","protected":false},"excerpt":{"rendered":"<p>Sirop La Folie Caramel er en sikker klassiker i kaffebaren eller iskiosken. Karamelsirup lavet af helt naturlig karamelsmag. Dette er en virkelig dejlig, bl\u00f8d og klassisk smagssirup, som kan bruges n\u00e6sten overalt! Den er fantastisk til kaffedrikke, is, desserter, bagv\u00e6rk og som et dejligt touch i te.   <\/p>\n","protected":false},"featured_media":29061,"template":"","meta":{"_acf_changed":false,"_et_pb_use_builder":"","_et_pb_old_content":"","_et_gb_content_width":"","content-type":""},"product_brand":[],"product_cat":[219],"product_tag":[],"class_list":{"0":"post-29040","1":"product","2":"type-product","3":"status-publish","4":"has-post-thumbnail","6":"product_cat-sirup","7":"pa_brands-combier","9":"first","10":"instock","11":"taxable","12":"shipping-taxable","13":"product-type-simple"},"acf":[],"_links":{"self":[{"href":"https:\/\/holyspirits.se\/da\/wp-json\/wp\/v2\/product\/29040","targetHints":{"allow":["GET"]}}],"collection":[{"href":"https:\/\/holyspirits.se\/da\/wp-json\/wp\/v2\/product"}],"about":[{"href":"https:\/\/holyspirits.se\/da\/wp-json\/wp\/v2\/types\/product"}],"wp:featuredmedia":[{"embeddable":true,"href":"https:\/\/holyspirits.se\/da\/wp-json\/wp\/v2\/media\/29061"}],"wp:attachment":[{"href":"https:\/\/holyspirits.se\/da\/wp-json\/wp\/v2\/media?parent=29040"}],"wp:term":[{"taxonomy":"product_brand","embeddable":true,"href":"https:\/\/holyspirits.se\/da\/wp-json\/wp\/v2\/product_brand?post=29040"},{"taxonomy":"product_cat","embeddable":true,"href":"https:\/\/holyspirits.se\/da\/wp-json\/wp\/v2\/product_cat?post=29040"},{"taxonomy":"product_tag","embeddable":true,"href":"https:\/\/holyspirits.se\/da\/wp-json\/wp\/v2\/product_tag?post=29040"}],"curies":[{"name":"wp","href":"https:\/\/api.w.org\/{rel}","templated":true}]}}