{"id":28545,"date":"2024-08-21T15:44:35","date_gmt":"2024-08-21T13:44:35","guid":{"rendered":"https:\/\/holyspirits.se\/?post_type=product&#038;p=28545"},"modified":"2025-11-26T13:38:14","modified_gmt":"2025-11-26T12:38:14","slug":"antica-torino-genziana","status":"publish","type":"product","link":"https:\/\/holyspirits.se\/da\/antica-torino-genziana\/","title":{"rendered":"Antica Torino Liqoure di Genziana &#8211; Gentiana lik\u00f8r"},"content":{"rendered":"<p>Seks \u00e5r efter grundl\u00e6ggelsen af Antica Torino og efter succesen med den vidunderlige Vermouth di Torino Rosso besluttede Vittorio og Filippo at kaste sig ud i produktionen af nogle af de vigtigste og mest typiske alpelik\u00f8rer i Piemonte-regionen, hvoraf den ene er Liqoure di Genziana.<\/p>\n<p>Gentiana er en plantefamilie, der trives i bjergene op til 3000 meter over havets overflade i Alperne og Apenninerne i Italien. Gentianarod har en unik bitterhed og forfriskende kvalitet, der har gjort den uundv\u00e6rlig i traditionelle lik\u00f8rer i \u00e5rhundreder. Ingen anden lik\u00f8rtype fanger m\u00e5ske bedre gentianens sande karakter end den klassiske italienske Liqoure di Genziana. Antica Torinos Genziana \u00e5bner med en frisk citrus- og urtebitterhed, der elegant bliver h\u00e6ngende p\u00e5 tungen i et dristigt, men livligt udtryk. I cocktails er dette en meget undervurderet ingrediens, og vi vil anbefale at pr\u00f8ve den som et twist i klassikere som White Negroni, men den fungerer uden tvivl ogs\u00e5 exceptionelt godt i en Yellow Cocktail. Vi har faktisk ogs\u00e5 udviklet en vidunderlig variation p\u00e5 samme tema, der fremh\u00e6ver gentians bitre citrusnoter i smuk harmoni med de urteagtige noter fra Elixir Combier. Et match skabt i himlen! Hvis du har ledt efter noget, der kan l\u00f8fte Suze-baserede cocktails til nye h\u00f8jder, har du uden tvivl fundet det her!       <\/p>\n","protected":false},"excerpt":{"rendered":"<p>Antica Torinos Genziana \u00e5bner med en frisk citrus- og urtebitterhed, der elegant bliver h\u00e6ngende p\u00e5 tungen i et dristigt, men livligt udtryk. I cocktails er dette en meget undervurderet ingrediens, og vi vil anbefale at pr\u00f8ve den som et twist i klassikere som White Negroni, men den udm\u00e6rker sig uden tvivl i en Yellow Cocktail. <\/p>\n","protected":false},"featured_media":28548,"template":"","meta":{"_acf_changed":false,"_et_pb_use_builder":"","_et_pb_old_content":"","_et_gb_content_width":"","content-type":""},"product_brand":[],"product_cat":[522,245],"product_tag":[457],"class_list":{"0":"post-28545","1":"product","2":"type-product","3":"status-publish","4":"has-post-thumbnail","6":"product_cat-bitter-from-antica-torino-da","7":"product_cat-cremes-liqueurs","8":"product_tag-systembolaget-da","9":"pa_brands-antica-torino","11":"first","12":"instock","13":"taxable","14":"shipping-taxable","15":"product-type-simple"},"acf":[],"_links":{"self":[{"href":"https:\/\/holyspirits.se\/da\/wp-json\/wp\/v2\/product\/28545","targetHints":{"allow":["GET"]}}],"collection":[{"href":"https:\/\/holyspirits.se\/da\/wp-json\/wp\/v2\/product"}],"about":[{"href":"https:\/\/holyspirits.se\/da\/wp-json\/wp\/v2\/types\/product"}],"wp:featuredmedia":[{"embeddable":true,"href":"https:\/\/holyspirits.se\/da\/wp-json\/wp\/v2\/media\/28548"}],"wp:attachment":[{"href":"https:\/\/holyspirits.se\/da\/wp-json\/wp\/v2\/media?parent=28545"}],"wp:term":[{"taxonomy":"product_brand","embeddable":true,"href":"https:\/\/holyspirits.se\/da\/wp-json\/wp\/v2\/product_brand?post=28545"},{"taxonomy":"product_cat","embeddable":true,"href":"https:\/\/holyspirits.se\/da\/wp-json\/wp\/v2\/product_cat?post=28545"},{"taxonomy":"product_tag","embeddable":true,"href":"https:\/\/holyspirits.se\/da\/wp-json\/wp\/v2\/product_tag?post=28545"}],"curies":[{"name":"wp","href":"https:\/\/api.w.org\/{rel}","templated":true}]}}