{"id":28532,"date":"2024-08-21T15:33:32","date_gmt":"2024-08-21T13:33:32","guid":{"rendered":"https:\/\/holyspirits.se\/?post_type=product&#038;p=28532"},"modified":"2025-11-11T15:12:33","modified_gmt":"2025-11-11T14:12:33","slug":"antica-torino-bitter-bianco","status":"publish","type":"product","link":"https:\/\/holyspirits.se\/da\/antica-torino-bitter-bianco\/","title":{"rendered":"Antica Torino Bitter Bianco"},"content":{"rendered":"<p>Antica Torino Bitter Bianco er en str\u00e5lende bitter bianco og en aperitivo. Lyse citrusaromaer og friske urter efterf\u00f8lges af s\u00f8de smage af skal, harpiks og blomster. Ingredienserne omfatter kanel, malurt, appelsinskal, safran, myrra og aloe. Opskriften er resultatet af mange fors\u00f8g og smagspr\u00f8ver gennem en lang udviklingsperiode. Inspirationen kom fra en h\u00f8jt elsket familieopskrift fra 1950&#8217;erne.     Nyd denne solskinsfarvede bitter rent med is eller i klassiske cocktails. Sj\u00e6ldent bliver vi s\u00e5 begejstrede, som da vi smagte den for f\u00f8rste gang. En fantastisk balance p\u00e5 en eksplosion af smag og aroma. De er gode, Antica Torino.   <\/p>\n","protected":false},"excerpt":{"rendered":"<p>Antica Torino Bitter Bianco er en str\u00e5lende bitter bianco og en aperitivo. Lyse citrusaromaer og friske urter efterf\u00f8lges af s\u00f8de smage af skal, harpiks og blomster. Ingredienserne omfatter kanel, malurt, appelsinskal, safran, myrra og aloe. Opskriften er resultatet af mange fors\u00f8g og smagspr\u00f8ver gennem en lang udviklingsperiode. Inspirationen kom fra en h\u00f8jt elsket familieopskrift fra 1950&#8217;erne.    <\/p>\n","protected":false},"featured_media":28539,"template":"","meta":{"_acf_changed":false,"_et_pb_use_builder":"","_et_pb_old_content":"","_et_gb_content_width":"","content-type":""},"product_brand":[],"product_cat":[235],"product_tag":[457],"class_list":{"0":"post-28532","1":"product","2":"type-product","3":"status-publish","4":"has-post-thumbnail","6":"product_cat-amaro-bitters-aperitif","7":"product_tag-systembolaget-da","8":"pa_brands-antica-torino","10":"first","11":"instock","12":"taxable","13":"shipping-taxable","14":"product-type-simple"},"acf":[],"_links":{"self":[{"href":"https:\/\/holyspirits.se\/da\/wp-json\/wp\/v2\/product\/28532","targetHints":{"allow":["GET"]}}],"collection":[{"href":"https:\/\/holyspirits.se\/da\/wp-json\/wp\/v2\/product"}],"about":[{"href":"https:\/\/holyspirits.se\/da\/wp-json\/wp\/v2\/types\/product"}],"wp:featuredmedia":[{"embeddable":true,"href":"https:\/\/holyspirits.se\/da\/wp-json\/wp\/v2\/media\/28539"}],"wp:attachment":[{"href":"https:\/\/holyspirits.se\/da\/wp-json\/wp\/v2\/media?parent=28532"}],"wp:term":[{"taxonomy":"product_brand","embeddable":true,"href":"https:\/\/holyspirits.se\/da\/wp-json\/wp\/v2\/product_brand?post=28532"},{"taxonomy":"product_cat","embeddable":true,"href":"https:\/\/holyspirits.se\/da\/wp-json\/wp\/v2\/product_cat?post=28532"},{"taxonomy":"product_tag","embeddable":true,"href":"https:\/\/holyspirits.se\/da\/wp-json\/wp\/v2\/product_tag?post=28532"}],"curies":[{"name":"wp","href":"https:\/\/api.w.org\/{rel}","templated":true}]}}