{"id":28515,"date":"2024-08-21T15:03:06","date_gmt":"2024-08-21T13:03:06","guid":{"rendered":"https:\/\/holyspirits.se\/?post_type=product&#038;p=28515"},"modified":"2025-11-26T13:41:59","modified_gmt":"2025-11-26T12:41:59","slug":"amaro-della-sacra","status":"publish","type":"product","link":"https:\/\/holyspirits.se\/da\/amaro-della-sacra\/","title":{"rendered":"Amaro della Sacra"},"content":{"rendered":"<p>Amaro della Sacra er en typisk Amaro med en overvejende bitter smag, fremstillet af en infusion i kold alkohol af blomster, r\u00f8dder, fr\u00f8, bark, harpiks og tr\u00e6, som derefter dekanteres og raffineres i rustfri st\u00e5ltanke i flere m\u00e5neder, hvorefter den filtreres og tappes p\u00e5 flasker.<\/p>\n<p>I middelalderen transskriberede og restaurerede l\u00e6rde munke i klostre og abbedier gamle tekster, men de dyrkede ogs\u00e5 de urter og planter, der var n\u00f8dvendige for at fremstille tinkturer, te og lik\u00f8rer. Amaro della Sacra er resultatet af omhyggelig historisk forskning i disse traditioner, som blev brugt i Europa i hundreder af \u00e5r. Ingredienserne er alle naturlige: blade, blomster, fr\u00f8, r\u00f8dder, harpiks, krydderier og bark. Nogle er typiske for Piemonte-regionen, s\u00e5som gentianella og humleblomster, mens andre er mere \u203aeksotiske\u2039 og blev opdaget gennem \u00e5rhundreder under udforskningen af nye lande, herunder vanilje fra Madagaskar, gr\u00f8n kardemomme fra Indien, myrra fra Mellem\u00f8sten og cinchona-bark fra Sydamerika.   <\/p>\n<p>Amaro della Sacra er fantastisk som digestif eller i cocktails. Med sin krydrede, komplekse karakter passer den for eksempel s\u00e6rdeles godt til rugwhisky, London Dry Gin, tequila eller bourbon. Vi anbefaler p\u00e5 det varmeste at pr\u00f8ve en meget behagelig variation af Reno med Amaro della Sacra, Liqoure di Genziana, Stellare Secondo og derefter erstatte Bergamotto Liqueur med blot en smule Creme de Pamplemousse Rose.  <\/p>\n","protected":false},"excerpt":{"rendered":"<p>Amaro della Sacra er fantastisk som digestif eller i cocktails. Med sin bitre, krydrede og komplekse karakter passer den for eksempel s\u00e6rdeles godt til rugwhisky, London Dry Gin, tequila eller bourbon.<br \/> Vi anbefaler p\u00e5 det varmeste at pr\u00f8ve en meget behagelig variation af Reno med Amaro della Sacra, Liqoure di Genziana, Stellare Secondo og derefter erstatte Bergamotto Liqueur med blot en smule Creme de Pamplemousse Rose.  <\/p>\n","protected":false},"featured_media":28524,"template":"","meta":{"_acf_changed":false,"_et_pb_use_builder":"","_et_pb_old_content":"","_et_gb_content_width":"","content-type":""},"product_brand":[],"product_cat":[235,522],"product_tag":[457],"class_list":{"0":"post-28515","1":"product","2":"type-product","3":"status-publish","4":"has-post-thumbnail","6":"product_cat-amaro-bitters-aperitif","7":"product_cat-bitter-from-antica-torino-da","8":"product_tag-systembolaget-da","9":"pa_brands-antica-torino","11":"first","12":"instock","13":"taxable","14":"shipping-taxable","15":"product-type-simple"},"acf":[],"_links":{"self":[{"href":"https:\/\/holyspirits.se\/da\/wp-json\/wp\/v2\/product\/28515","targetHints":{"allow":["GET"]}}],"collection":[{"href":"https:\/\/holyspirits.se\/da\/wp-json\/wp\/v2\/product"}],"about":[{"href":"https:\/\/holyspirits.se\/da\/wp-json\/wp\/v2\/types\/product"}],"wp:featuredmedia":[{"embeddable":true,"href":"https:\/\/holyspirits.se\/da\/wp-json\/wp\/v2\/media\/28524"}],"wp:attachment":[{"href":"https:\/\/holyspirits.se\/da\/wp-json\/wp\/v2\/media?parent=28515"}],"wp:term":[{"taxonomy":"product_brand","embeddable":true,"href":"https:\/\/holyspirits.se\/da\/wp-json\/wp\/v2\/product_brand?post=28515"},{"taxonomy":"product_cat","embeddable":true,"href":"https:\/\/holyspirits.se\/da\/wp-json\/wp\/v2\/product_cat?post=28515"},{"taxonomy":"product_tag","embeddable":true,"href":"https:\/\/holyspirits.se\/da\/wp-json\/wp\/v2\/product_tag?post=28515"}],"curies":[{"name":"wp","href":"https:\/\/api.w.org\/{rel}","templated":true}]}}