{"id":27860,"date":"2024-05-21T16:10:55","date_gmt":"2024-05-21T14:10:55","guid":{"rendered":"https:\/\/holyspirits.se\/perique-liqueur-de-tabac\/"},"modified":"2025-01-31T12:21:16","modified_gmt":"2025-01-31T11:21:16","slug":"perique-liqueur-de-tabac","status":"publish","type":"product","link":"https:\/\/holyspirits.se\/da\/perique-liqueur-de-tabac\/","title":{"rendered":"Perique &#8211; Liqueur de Tabac"},"content":{"rendered":"<p>Denna lik\u00f6r \u00e4r skapad med Louisiana Perique, v\u00e4rldens mest s\u00e4llsynta och dyrbaraste tobak. Tidiga franska bos\u00e4ttare i Louisiana l\u00e4rde sig odlingshemligheterna med Perique fr\u00e5n ursprungsbefolkningen och traditionen har h\u00e5llits levande i \u00e5rhundraden. Trots det finns det fortfarande v\u00e4ldigt lite Perique som odlas idag. Den unika terroiren vid Mississippifloden ger Perique de intensiva krydd- och arom\u00e4mnen som bidrar till den fina balansen i denna fina lik\u00f6r.<\/p>\n<p>F\u00f6r att uppm\u00e4rksamma denna hotade tradition skapade Jade Liqueurs Perique-lik\u00f6ren, som f\u00e5ngar den fantastiska doften av denna unika tobak, men p\u00e5 ett s\u00e4tt som kraftigt minskar de h\u00e4lsoproblem som \u00e4r f\u00f6rknippade med tobaksbruk. Perique \u00e4r helt hantverksm\u00e4ssigt tillverkad och f\u00f6rkroppsligar nyanserna hos denna urgamla tobak. Den avnjuts b\u00e4st p\u00e5 samma s\u00e4tt som en exklusiv lik\u00f6r eller brandy. P\u00e5 grund av den s\u00e4llsynta tobaken \u00e4r Perique-lik\u00f6ren endast tillg\u00e4nglig i begr\u00e4nsade m\u00e4ngder.<\/p>\n","protected":false},"excerpt":{"rendered":"<p>Louisiana Perique \u00e4r den mest s\u00e4llsynta och dyrbara tobaken i hela v\u00e4rlden. Tidiga franska bos\u00e4ttare i Louisiana l\u00e4rde sig hemligheterna med Perique-odling fr\u00e5n ursprungsbefolkningen, och \u00e4ven om deras \u00e4ttlingar har fortsatt traditionen i \u00e5rhundraden, finns det fortfarande v\u00e4ldigt lite Perique idag. Den unika terroiren vid Mississippifloden ger Perique de intensiva krydd- och arom\u00e4mnen som bidrar till den fina balansen i denna fina lik\u00f6r.<\/p>\n","protected":false},"featured_media":27602,"template":"","meta":{"_acf_changed":false,"_et_pb_use_builder":"","_et_pb_old_content":"","_et_gb_content_width":"","content-type":""},"product_brand":[],"product_cat":[245,226],"product_tag":[],"class_list":{"0":"post-27860","1":"product","2":"type-product","3":"status-publish","4":"has-post-thumbnail","6":"product_cat-cremes-liqueurs","7":"product_cat-spiritus","8":"pa_brands-jade-liqueurs","10":"first","11":"instock","12":"taxable","13":"shipping-taxable","14":"product-type-simple"},"acf":[],"_links":{"self":[{"href":"https:\/\/holyspirits.se\/da\/wp-json\/wp\/v2\/product\/27860","targetHints":{"allow":["GET"]}}],"collection":[{"href":"https:\/\/holyspirits.se\/da\/wp-json\/wp\/v2\/product"}],"about":[{"href":"https:\/\/holyspirits.se\/da\/wp-json\/wp\/v2\/types\/product"}],"wp:featuredmedia":[{"embeddable":true,"href":"https:\/\/holyspirits.se\/da\/wp-json\/wp\/v2\/media\/27602"}],"wp:attachment":[{"href":"https:\/\/holyspirits.se\/da\/wp-json\/wp\/v2\/media?parent=27860"}],"wp:term":[{"taxonomy":"product_brand","embeddable":true,"href":"https:\/\/holyspirits.se\/da\/wp-json\/wp\/v2\/product_brand?post=27860"},{"taxonomy":"product_cat","embeddable":true,"href":"https:\/\/holyspirits.se\/da\/wp-json\/wp\/v2\/product_cat?post=27860"},{"taxonomy":"product_tag","embeddable":true,"href":"https:\/\/holyspirits.se\/da\/wp-json\/wp\/v2\/product_tag?post=27860"}],"curies":[{"name":"wp","href":"https:\/\/api.w.org\/{rel}","templated":true}]}}