{"id":27858,"date":"2024-05-24T15:18:40","date_gmt":"2024-05-24T13:18:40","guid":{"rendered":"https:\/\/holyspirits.se\/dale-degroff-pimento-aromatic-bitters\/"},"modified":"2025-11-11T15:10:57","modified_gmt":"2025-11-11T14:10:57","slug":"dale-degroff-pimento-aromatic-bitters","status":"publish","type":"product","link":"https:\/\/holyspirits.se\/da\/dale-degroff-pimento-aromatic-bitters\/","title":{"rendered":"Dale DeGroff Pimento Aromatic Bitters &#8211; Cocktailbitter"},"content":{"rendered":"<p>Dale DeGroff&#8217;s Pimento Aromatic Bitters\u2122 er en velafbalanceret cocktailbitter skabt ved at blande pimento, et vidunderligt komplekst krydderi med et v\u00e6ld af nuancer, med et strejf af anis og andre krydderurter. Pimento, det jamaicanske ord for alleh\u00e5nde, giver et vidunderligt touch til mange drinks.  De naturligt forekommende \u00e6teriske olier i pimento menes faktisk ogs\u00e5 at hj\u00e6lpe p\u00e5 ford\u00f8jelsen, hvis nogen skulle undre sig. Dens karakteristiske smag forbedrer mange klassiske og moderne cocktails p\u00e5 m\u00e5der, du ikke vil tro, f\u00f8r du har pr\u00f8vet den. Den kan bruges til at give et elegant og sjovt touch til klassiske og moderne favoritter som Pi\u00f1a Colada, Painkiller, Mai Tai, Sazerac og whisky- eller champagnecocktails. Hvis det ikke er nok, kan du ogs\u00e5 bruge den til at fremh\u00e6ve ren spiritus som grappa, gin og whisky. Og ved du, hvad vi plejer at g\u00f8re? Tag en relativt simpel G&amp;T og pift den op med et par strejf af Pimento Aromatic Bitters, og du vil aldrig mere undv\u00e6re den i din G&amp;T.<\/p>\n<p>Dale DeGroff&#8217;s Pimento Aromatic Bitters\u2122 er 100 % h\u00e5ndlavet, udelukkende fremstillet af hele planter, uden kommercielle smagsstoffer eller kunstige farvestoffer. Gode ting, helt enkelt.<\/p>\n","protected":false},"excerpt":{"rendered":"<p>Dale DeGroff&#8217;s Pimento Aromatic Bitters\u2122 er en velafbalanceret cocktailbitter skabt ved at blande pimento, et vidunderligt komplekst krydderi med et v\u00e6ld af nuancer, med et strejf af anis og andre krydderurter. Pimento, det jamaicanske ord for alleh\u00e5nde, giver et vidunderligt touch til mange drinks.  De naturligt forekommende \u00e6teriske olier i pimento menes faktisk ogs\u00e5 at hj\u00e6lpe p\u00e5 ford\u00f8jelsen, hvis nogen skulle undre sig. Dens karakteristiske smag forbedrer mange klassiske og moderne cocktails p\u00e5 m\u00e5der, du ikke vil tro, f\u00f8r du har pr\u00f8vet den.<\/p>\n","protected":false},"featured_media":27608,"template":"","meta":{"_acf_changed":false,"_et_pb_use_builder":"","_et_pb_old_content":"","_et_gb_content_width":"","content-type":""},"product_brand":[],"product_cat":[241,226],"product_tag":[457],"class_list":{"0":"post-27858","1":"product","2":"type-product","3":"status-publish","4":"has-post-thumbnail","6":"product_cat-cocktail-bitters","7":"product_cat-spiritus","8":"product_tag-systembolaget-da","9":"pa_brands-dale-degroff","11":"first","12":"instock","13":"taxable","14":"shipping-taxable","15":"product-type-simple"},"acf":[],"_links":{"self":[{"href":"https:\/\/holyspirits.se\/da\/wp-json\/wp\/v2\/product\/27858","targetHints":{"allow":["GET"]}}],"collection":[{"href":"https:\/\/holyspirits.se\/da\/wp-json\/wp\/v2\/product"}],"about":[{"href":"https:\/\/holyspirits.se\/da\/wp-json\/wp\/v2\/types\/product"}],"wp:featuredmedia":[{"embeddable":true,"href":"https:\/\/holyspirits.se\/da\/wp-json\/wp\/v2\/media\/27608"}],"wp:attachment":[{"href":"https:\/\/holyspirits.se\/da\/wp-json\/wp\/v2\/media?parent=27858"}],"wp:term":[{"taxonomy":"product_brand","embeddable":true,"href":"https:\/\/holyspirits.se\/da\/wp-json\/wp\/v2\/product_brand?post=27858"},{"taxonomy":"product_cat","embeddable":true,"href":"https:\/\/holyspirits.se\/da\/wp-json\/wp\/v2\/product_cat?post=27858"},{"taxonomy":"product_tag","embeddable":true,"href":"https:\/\/holyspirits.se\/da\/wp-json\/wp\/v2\/product_tag?post=27858"}],"curies":[{"name":"wp","href":"https:\/\/api.w.org\/{rel}","templated":true}]}}