{"id":27852,"date":"2024-06-11T17:44:37","date_gmt":"2024-06-11T15:44:37","guid":{"rendered":"https:\/\/holyspirits.se\/vermouth-di-torino-bianco\/"},"modified":"2025-03-12T09:06:09","modified_gmt":"2025-03-12T08:06:09","slug":"vermouth-di-torino-bianco","status":"publish","type":"product","link":"https:\/\/holyspirits.se\/da\/vermouth-di-torino-bianco\/","title":{"rendered":"Vermouth di Torino Bianco"},"content":{"rendered":"<p>Vermouth di Torino Bianco er en af de bedste aromatiske vine fra Piemonte og best\u00e5r hovedsageligt af malurt, merian, salvie, koriander og iris, der er udbl\u00f8dt i en enkelt opl\u00f8sning, samt lakrids, der behandles separat p\u00e5 grund af sin udpr\u00e6gede og unikke aromatiske karakter.<\/p>\n<p>Vermouth di Torino Bianco er blevet en af de mest elskede aromatiske vine p\u00e5 grund af sin friskhed og det faktum, at den kan bruges p\u00e5 mange forskellige m\u00e5der. Is\u00e6r kan den bruges som base til at skabe uforglemmelige og tidl\u00f8se cocktails, eller hvorfor ikke bare ledsaget af et salvieblad og p\u00e5 is. Tingene beh\u00f8ver ikke at v\u00e6re s\u00e5 sv\u00e6re.  <\/p>\n","protected":false},"excerpt":{"rendered":"<p>Vermouth di Torino Bianco er blevet en af de mest elskede aromatiske vine p\u00e5 grund af sin friskhed og det faktum, at den kan bruges p\u00e5 mange forskellige m\u00e5der. Is\u00e6r kan den bruges som base til at skabe uforglemmelige og tidl\u00f8se cocktails, eller hvorfor ikke bare ledsaget af et salvieblad og p\u00e5 is. Tingene beh\u00f8ver ikke at v\u00e6re s\u00e5 sv\u00e6re.  <\/p>\n","protected":false},"featured_media":29798,"template":"","meta":{"_acf_changed":false,"_et_pb_use_builder":"","_et_pb_old_content":"","_et_gb_content_width":"","content-type":""},"product_brand":[],"product_cat":[239,292],"product_tag":[457],"class_list":{"0":"post-27852","1":"product","2":"type-product","3":"status-publish","4":"has-post-thumbnail","6":"product_cat-vermouth-bianco","7":"product_cat-vermouth-di-torino","8":"product_tag-systembolaget-da","9":"pa_brands-antica-torino","11":"first","12":"instock","13":"taxable","14":"shipping-taxable","15":"product-type-simple"},"acf":[],"_links":{"self":[{"href":"https:\/\/holyspirits.se\/da\/wp-json\/wp\/v2\/product\/27852","targetHints":{"allow":["GET"]}}],"collection":[{"href":"https:\/\/holyspirits.se\/da\/wp-json\/wp\/v2\/product"}],"about":[{"href":"https:\/\/holyspirits.se\/da\/wp-json\/wp\/v2\/types\/product"}],"wp:featuredmedia":[{"embeddable":true,"href":"https:\/\/holyspirits.se\/da\/wp-json\/wp\/v2\/media\/29798"}],"wp:attachment":[{"href":"https:\/\/holyspirits.se\/da\/wp-json\/wp\/v2\/media?parent=27852"}],"wp:term":[{"taxonomy":"product_brand","embeddable":true,"href":"https:\/\/holyspirits.se\/da\/wp-json\/wp\/v2\/product_brand?post=27852"},{"taxonomy":"product_cat","embeddable":true,"href":"https:\/\/holyspirits.se\/da\/wp-json\/wp\/v2\/product_cat?post=27852"},{"taxonomy":"product_tag","embeddable":true,"href":"https:\/\/holyspirits.se\/da\/wp-json\/wp\/v2\/product_tag?post=27852"}],"curies":[{"name":"wp","href":"https:\/\/api.w.org\/{rel}","templated":true}]}}