{"id":27840,"date":"2024-06-11T17:53:01","date_gmt":"2024-06-11T15:53:01","guid":{"rendered":"https:\/\/holyspirits.se\/aperitivo-stellare-primo\/"},"modified":"2025-06-18T14:55:24","modified_gmt":"2025-06-18T12:55:24","slug":"aperitivo-stellare-primo","status":"publish","type":"product","link":"https:\/\/holyspirits.se\/da\/aperitivo-stellare-primo\/","title":{"rendered":"Aperitivo Stellare Primo"},"content":{"rendered":"<p>Stellare Primo er en frisk udgave af en tidl\u00f8s klassiker og er uundv\u00e6rlig i hjemmet og p\u00e5 barer. Med en behagelig, ikke for st\u00e6rk bitter smag er Stellare Primo perfekt til mange forskellige lejligheder. Denne muntre, let poppede aperitif indbyder til ren nydelse. Top blot med danskvand eller tonic, eller brug den i klassiske italienske cocktails som Americano, Spritz eller Negroni. Som en ekstra bonus er denne bad boy vinbaseret, hvilket naturligvis giver den en mere bl\u00f8d og unik smag.    <\/p>\n","protected":false},"excerpt":{"rendered":"<p>Stellare Primo er en frisk udgave af en tidl\u00f8s klassiker og er uundv\u00e6rlig i hjemmet og p\u00e5 barer. Med en behagelig, ikke for st\u00e6rk bitter smag er Stellare Primo perfekt til mange forskellige lejligheder. Denne muntre, let poppede aperitif indbyder til ren nydelse. Top blot med danskvand eller tonic, eller brug den i klassiske italienske cocktails som Americano, Spritz eller Negroni. Som en ekstra bonus er denne bad boy vinbaseret, hvilket naturligvis giver den en mere bl\u00f8d og unik smag.    <\/p>\n","protected":false},"featured_media":29786,"template":"","meta":{"_acf_changed":false,"_et_pb_use_builder":"","_et_pb_old_content":"","_et_gb_content_width":"","content-type":""},"product_brand":[],"product_cat":[235,233,226],"product_tag":[457],"class_list":{"0":"post-27840","1":"product","2":"type-product","3":"status-publish","4":"has-post-thumbnail","6":"product_cat-amaro-bitters-aperitif","7":"product_cat-negroni","8":"product_cat-spiritus","9":"product_tag-systembolaget-da","10":"pa_brands-antica-torino","12":"first","13":"instock","14":"taxable","15":"shipping-taxable","16":"product-type-simple"},"acf":[],"_links":{"self":[{"href":"https:\/\/holyspirits.se\/da\/wp-json\/wp\/v2\/product\/27840","targetHints":{"allow":["GET"]}}],"collection":[{"href":"https:\/\/holyspirits.se\/da\/wp-json\/wp\/v2\/product"}],"about":[{"href":"https:\/\/holyspirits.se\/da\/wp-json\/wp\/v2\/types\/product"}],"wp:featuredmedia":[{"embeddable":true,"href":"https:\/\/holyspirits.se\/da\/wp-json\/wp\/v2\/media\/29786"}],"wp:attachment":[{"href":"https:\/\/holyspirits.se\/da\/wp-json\/wp\/v2\/media?parent=27840"}],"wp:term":[{"taxonomy":"product_brand","embeddable":true,"href":"https:\/\/holyspirits.se\/da\/wp-json\/wp\/v2\/product_brand?post=27840"},{"taxonomy":"product_cat","embeddable":true,"href":"https:\/\/holyspirits.se\/da\/wp-json\/wp\/v2\/product_cat?post=27840"},{"taxonomy":"product_tag","embeddable":true,"href":"https:\/\/holyspirits.se\/da\/wp-json\/wp\/v2\/product_tag?post=27840"}],"curies":[{"name":"wp","href":"https:\/\/api.w.org\/{rel}","templated":true}]}}