{"id":27836,"date":"2024-07-04T13:21:18","date_gmt":"2024-07-04T11:21:18","guid":{"rendered":"https:\/\/holyspirits.se\/omg-oh-my-gin\/"},"modified":"2024-12-11T15:14:56","modified_gmt":"2024-12-11T14:14:56","slug":"omg-oh-my-gin","status":"publish","type":"product","link":"https:\/\/holyspirits.se\/da\/omg-oh-my-gin\/","title":{"rendered":"OMG &#8211; Oh My Gin"},"content":{"rendered":"<p>OMG er en f\u00f8rsteklasses, h\u00e5ndlavet, urterig destilleret spiritus i stil med London dry gin (uden tilsat sukker). Den er skabt gennem en proces med tredobbelt kolonnedestillation af 16 unikke urter og krydderier, der er udbl\u00f8dt i en basisalkohol, som tilsammen giver en af de mest komplekse gins p\u00e5 markedet.  Smagsprofilen omfatter traditionelle krydderier som eneb\u00e6r, koriander, kalmus og kvan. Men der er ogs\u00e5 utraditionelle krydderier som paradiskorn, lavendelblomst og blomster fra det tjekkiske nationaltr\u00e6 &#8211; den sm\u00e5bladede lime. OMG gin nydes bedst med is eller tonic (45 ml OMG, 200 ml kvalitetstonic). Da OMG indeholder en h\u00f8jere andel af eneb\u00e6r end andre gins, kan flaskerne f\u00e5 et uklart udseende, n\u00e5r de k\u00f8les ned i k\u00f8leskabet eller fryseren. Det skyldes den aromatiske olie, der destilleres fra eneb\u00e6rrene, da den ved temperaturer under 7\u00b0C udf\u00e6ldes fra sin ellers opl\u00f8ste tilstand ved varmere temperaturer. Som med vores andre spiritusser anbefaler vi ikke nedk\u00f8ling. Nedk\u00f8ling er n\u00e6sten udelukkende forbeholdt vodka af d\u00e5rlig kvalitet. <\/p>\n","protected":false},"excerpt":{"rendered":"<p>OMG er en f\u00f8rsteklasses, h\u00e5ndlavet, urterig destilleret spiritus i stil med London dry gin (uden tilsat sukker). Den er skabt gennem en proces med tredobbelt kolonnedestillation af 16 unikke urter og krydderier, der er udbl\u00f8dt i en basisalkohol, som tilsammen giver en af de mest komplekse gins p\u00e5 markedet. <\/p>\n","protected":false},"featured_media":27702,"template":"","meta":{"_acf_changed":false,"_et_pb_use_builder":"","_et_pb_old_content":"","_et_gb_content_width":"","content-type":""},"product_brand":[],"product_cat":[225,226],"product_tag":[],"class_list":{"0":"post-27836","1":"product","2":"type-product","3":"status-publish","4":"has-post-thumbnail","6":"product_cat-gin-vodka","7":"product_cat-spiritus","8":"pa_brands-zufanek","10":"first","11":"outofstock","12":"taxable","13":"shipping-taxable","14":"product-type-simple"},"acf":[],"_links":{"self":[{"href":"https:\/\/holyspirits.se\/da\/wp-json\/wp\/v2\/product\/27836","targetHints":{"allow":["GET"]}}],"collection":[{"href":"https:\/\/holyspirits.se\/da\/wp-json\/wp\/v2\/product"}],"about":[{"href":"https:\/\/holyspirits.se\/da\/wp-json\/wp\/v2\/types\/product"}],"wp:featuredmedia":[{"embeddable":true,"href":"https:\/\/holyspirits.se\/da\/wp-json\/wp\/v2\/media\/27702"}],"wp:attachment":[{"href":"https:\/\/holyspirits.se\/da\/wp-json\/wp\/v2\/media?parent=27836"}],"wp:term":[{"taxonomy":"product_brand","embeddable":true,"href":"https:\/\/holyspirits.se\/da\/wp-json\/wp\/v2\/product_brand?post=27836"},{"taxonomy":"product_cat","embeddable":true,"href":"https:\/\/holyspirits.se\/da\/wp-json\/wp\/v2\/product_cat?post=27836"},{"taxonomy":"product_tag","embeddable":true,"href":"https:\/\/holyspirits.se\/da\/wp-json\/wp\/v2\/product_tag?post=27836"}],"curies":[{"name":"wp","href":"https:\/\/api.w.org\/{rel}","templated":true}]}}