{"id":27832,"date":"2024-07-04T15:49:10","date_gmt":"2024-07-04T13:49:10","guid":{"rendered":"https:\/\/holyspirits.se\/omfg-oh-my-fing-gin\/"},"modified":"2024-12-11T15:18:01","modified_gmt":"2024-12-11T14:18:01","slug":"omfg-oh-my-fing-gin","status":"publish","type":"product","link":"https:\/\/holyspirits.se\/da\/omfg-oh-my-fing-gin\/","title":{"rendered":"OMFG &#8211; Oh My F*** Gin 2024"},"content":{"rendered":"<p>OMFG er en strengt begr\u00e6nset specialudgave af den fine OMG Gin. Hvert \u00e5rs udgave er unik takket v\u00e6re en helt s\u00e6rlig ingrediens. OMFG er lavet p\u00e5 samme m\u00e5de som den klassiske og meget anerkendte OMG fra Martin Zufanek. Han bruger den samme opskrift og de samme 16 botaniske ingredienser som base. De omfatter selvf\u00f8lgelig eneb\u00e6r, men ogs\u00e5 bl.a. koriander og paradiskorn, men &#8211; der er \u00e9n forskel, \u00e9n s\u00e6rlig ingrediens, som g\u00f8r hver batch unik. Den begr\u00e6nsede udgave 2024 indeholder Osmanthus fragrans. Osmanthus er ogs\u00e5 kendt som den velduftende blomst. En lilla plante med smukt duftende blomster. Blomsterne fra busken, som bliver over 2 meter h\u00f8j, bruges som den unikke ingrediens. Blomsterne med deres uventede og us\u00e6dvanlige duft og tone gjorde det meget vanskeligt at udvinde og frem for alt beskrive aromaen. Den kan bedst beskrives som en blanding af jasmin og abrikoser. Denne unikke ingrediens, der kun bruges \u00e9n gang i en enkelt Limited Edition OMFG, ud over alle de gode ting, du kender fra OMG gin, er en specialudgave og vil ikke blive gentaget i et andet parti igen.    <\/p>\n","protected":false},"excerpt":{"rendered":"<p>OMFG er en strengt begr\u00e6nset specialudgave af den fine OMG Gin. Hvert \u00e5rs udgave er unik takket v\u00e6re en helt s\u00e6rlig ingrediens. OMFG er lavet p\u00e5 samme m\u00e5de som den klassiske OMG. Den bruger den samme opskrift og de samme 16 botaniske ingredienser, men &#8211; der er en forskel, en s\u00e6rlig ingrediens, som g\u00f8r hver batch unik.   <\/p>\n","protected":false},"featured_media":27698,"template":"","meta":{"_acf_changed":false,"_et_pb_use_builder":"","_et_pb_old_content":"","_et_gb_content_width":"","content-type":""},"product_brand":[],"product_cat":[225,226],"product_tag":[],"class_list":{"0":"post-27832","1":"product","2":"type-product","3":"status-publish","4":"has-post-thumbnail","6":"product_cat-gin-vodka","7":"product_cat-spiritus","8":"pa_brands-zufanek","10":"first","11":"outofstock","12":"taxable","13":"shipping-taxable","14":"product-type-simple"},"acf":[],"_links":{"self":[{"href":"https:\/\/holyspirits.se\/da\/wp-json\/wp\/v2\/product\/27832","targetHints":{"allow":["GET"]}}],"collection":[{"href":"https:\/\/holyspirits.se\/da\/wp-json\/wp\/v2\/product"}],"about":[{"href":"https:\/\/holyspirits.se\/da\/wp-json\/wp\/v2\/types\/product"}],"wp:featuredmedia":[{"embeddable":true,"href":"https:\/\/holyspirits.se\/da\/wp-json\/wp\/v2\/media\/27698"}],"wp:attachment":[{"href":"https:\/\/holyspirits.se\/da\/wp-json\/wp\/v2\/media?parent=27832"}],"wp:term":[{"taxonomy":"product_brand","embeddable":true,"href":"https:\/\/holyspirits.se\/da\/wp-json\/wp\/v2\/product_brand?post=27832"},{"taxonomy":"product_cat","embeddable":true,"href":"https:\/\/holyspirits.se\/da\/wp-json\/wp\/v2\/product_cat?post=27832"},{"taxonomy":"product_tag","embeddable":true,"href":"https:\/\/holyspirits.se\/da\/wp-json\/wp\/v2\/product_tag?post=27832"}],"curies":[{"name":"wp","href":"https:\/\/api.w.org\/{rel}","templated":true}]}}