{"id":27830,"date":"2024-07-27T11:09:14","date_gmt":"2024-07-27T09:09:14","guid":{"rendered":"https:\/\/holyspirits.se\/la-folie-sirop-orgeat\/"},"modified":"2024-12-08T15:21:29","modified_gmt":"2024-12-08T14:21:29","slug":"la-folie-sirop-orgeat","status":"publish","type":"product","link":"https:\/\/holyspirits.se\/da\/la-folie-sirop-orgeat\/","title":{"rendered":"Combier Sirup La Folie &#8211; Orgeat"},"content":{"rendered":"<p>Sirop La Folie Orgeat har med sit strejf af mandel en bl\u00f8d og s\u00f8dlig duft. Vi synes selvf\u00f8lgelig, at den er magisk i cocktails, men det er ogs\u00e5 utroligt l\u00e6kkert bare at blande den med danskvand.  Det siger sig selv, at du kan bruge det i madlavning eller bagning, men hvis du vil g\u00f8re noget lidt mere fransk, foresl\u00e5r vi, at du tils\u00e6tter lidt til dit n\u00e6ste glas absint for simpelthen at lave en Mauresque.<\/p>\n","protected":false},"excerpt":{"rendered":"<p>Combiers sirupper er resultatet af en streng udv\u00e6lgelse af r\u00e5varer for at opn\u00e5 sirupper af meget h\u00f8j kvalitet. Sirop La Folie d&#8217;Orgeat har med sit strejf af mandel en bl\u00f8d og s\u00f8dlig smag. Vi synes selvf\u00f8lgelig, at den er magisk i cocktails, men det er ogs\u00e5 utroligt l\u00e6kkert bare at blande den med danskvand.  <\/p>\n","protected":false},"featured_media":27712,"template":"","meta":{"_acf_changed":false,"_et_pb_use_builder":"","_et_pb_old_content":"","_et_gb_content_width":"","content-type":""},"product_brand":[],"product_cat":[219],"product_tag":[],"class_list":{"0":"post-27830","1":"product","2":"type-product","3":"status-publish","4":"has-post-thumbnail","6":"product_cat-sirup","7":"pa_brands-combier","9":"first","10":"instock","11":"taxable","12":"shipping-taxable","13":"product-type-simple"},"acf":[],"_links":{"self":[{"href":"https:\/\/holyspirits.se\/da\/wp-json\/wp\/v2\/product\/27830","targetHints":{"allow":["GET"]}}],"collection":[{"href":"https:\/\/holyspirits.se\/da\/wp-json\/wp\/v2\/product"}],"about":[{"href":"https:\/\/holyspirits.se\/da\/wp-json\/wp\/v2\/types\/product"}],"wp:featuredmedia":[{"embeddable":true,"href":"https:\/\/holyspirits.se\/da\/wp-json\/wp\/v2\/media\/27712"}],"wp:attachment":[{"href":"https:\/\/holyspirits.se\/da\/wp-json\/wp\/v2\/media?parent=27830"}],"wp:term":[{"taxonomy":"product_brand","embeddable":true,"href":"https:\/\/holyspirits.se\/da\/wp-json\/wp\/v2\/product_brand?post=27830"},{"taxonomy":"product_cat","embeddable":true,"href":"https:\/\/holyspirits.se\/da\/wp-json\/wp\/v2\/product_cat?post=27830"},{"taxonomy":"product_tag","embeddable":true,"href":"https:\/\/holyspirits.se\/da\/wp-json\/wp\/v2\/product_tag?post=27830"}],"curies":[{"name":"wp","href":"https:\/\/api.w.org\/{rel}","templated":true}]}}