{"id":27828,"date":"2024-07-29T10:28:01","date_gmt":"2024-07-29T08:28:01","guid":{"rendered":"https:\/\/holyspirits.se\/combier-sirop-la-folie-saveur-mimosa\/"},"modified":"2024-12-08T15:09:07","modified_gmt":"2024-12-08T14:09:07","slug":"combier-la-folie-sirup-grenadine","status":"publish","type":"product","link":"https:\/\/holyspirits.se\/da\/combier-la-folie-sirup-grenadine\/","title":{"rendered":"Combier La Folie Sirup &#8211; Grenadine"},"content":{"rendered":"<p>Sirop La Folie Grenadine er en klassiker! Alle kender til Grenadine, tror vi. Der er f\u00e5 ting, m\u00e5ske bortset fra Eiffelt\u00e5rnet, der er mere franske end grenadinesirup. Det er selvf\u00f8lgelig en oplagt sirup til baren, men glem ikke, at den ogs\u00e5 er rigtig god med brusevand &#8211; eller hvorfor ikke med m\u00e6lk!   <\/p>\n","protected":false},"excerpt":{"rendered":"<p>Sirop La Folie Grenadine er en klassiker! Alle kender til Grenadine, tror vi. Der er f\u00e5 ting, m\u00e5ske bortset fra Eiffelt\u00e5rnet, der er mere franske end grenadinesirup. Det er selvf\u00f8lgelig en oplagt sirup til baren, men glem ikke, at den ogs\u00e5 er rigtig god med brusevand &#8211; eller hvorfor ikke med m\u00e6lk!   <\/p>\n","protected":false},"featured_media":29084,"template":"","meta":{"_acf_changed":false,"_et_pb_use_builder":"","_et_pb_old_content":"","_et_gb_content_width":"","content-type":""},"product_brand":[],"product_cat":[219],"product_tag":[],"class_list":{"0":"post-27828","1":"product","2":"type-product","3":"status-publish","4":"has-post-thumbnail","6":"product_cat-sirup","7":"pa_brands-combier","9":"first","10":"instock","11":"taxable","12":"shipping-taxable","13":"product-type-simple"},"acf":[],"_links":{"self":[{"href":"https:\/\/holyspirits.se\/da\/wp-json\/wp\/v2\/product\/27828","targetHints":{"allow":["GET"]}}],"collection":[{"href":"https:\/\/holyspirits.se\/da\/wp-json\/wp\/v2\/product"}],"about":[{"href":"https:\/\/holyspirits.se\/da\/wp-json\/wp\/v2\/types\/product"}],"wp:featuredmedia":[{"embeddable":true,"href":"https:\/\/holyspirits.se\/da\/wp-json\/wp\/v2\/media\/29084"}],"wp:attachment":[{"href":"https:\/\/holyspirits.se\/da\/wp-json\/wp\/v2\/media?parent=27828"}],"wp:term":[{"taxonomy":"product_brand","embeddable":true,"href":"https:\/\/holyspirits.se\/da\/wp-json\/wp\/v2\/product_brand?post=27828"},{"taxonomy":"product_cat","embeddable":true,"href":"https:\/\/holyspirits.se\/da\/wp-json\/wp\/v2\/product_cat?post=27828"},{"taxonomy":"product_tag","embeddable":true,"href":"https:\/\/holyspirits.se\/da\/wp-json\/wp\/v2\/product_tag?post=27828"}],"curies":[{"name":"wp","href":"https:\/\/api.w.org\/{rel}","templated":true}]}}