{"id":27826,"date":"2024-07-29T10:44:12","date_gmt":"2024-07-29T08:44:12","guid":{"rendered":"https:\/\/holyspirits.se\/combier-sirop-la-folie-citron-verte-limesirap\/"},"modified":"2024-12-08T15:01:34","modified_gmt":"2024-12-08T14:01:34","slug":"combier-sirop-la-folie-sucre-canne-rorsukker-sirup","status":"publish","type":"product","link":"https:\/\/holyspirits.se\/da\/combier-sirop-la-folie-sucre-canne-rorsukker-sirup\/","title":{"rendered":"Combier Sirop La Folie &#8211; Sucre de Canne &#8211; Brun r\u00f8rsukkersirup"},"content":{"rendered":"<p>Sirop La Folie Sucre de Canne er en sirup, eller sukkersirup, der udelukkende er fremstillet af brunt r\u00f8rsukker og vand. Et absolut must i enhver bar og ethvert k\u00f8kken. Som alle Combier-sirupper skriger den af kvalitet. Der er faktisk ingen grund til ikke at have r\u00f8rsukkersirup p\u00e5 hylden.   <\/p>\n","protected":false},"excerpt":{"rendered":"<p>Sirop La Folie Sucre de Canne er en sirup, eller sukkersirup, der udelukkende er fremstillet af brunt r\u00f8rsukker og vand. Et absolut must i enhver bar og ethvert k\u00f8kken. Som alle Combier-sirupper skriger den af kvalitet. Der er faktisk ingen grund til ikke at have r\u00f8rsukkersirup p\u00e5 hylden.   <\/p>\n","protected":false},"featured_media":29263,"template":"","meta":{"_acf_changed":false,"_et_pb_use_builder":"","_et_pb_old_content":"","_et_gb_content_width":"","content-type":""},"product_brand":[],"product_cat":[219],"product_tag":[],"class_list":{"0":"post-27826","1":"product","2":"type-product","3":"status-publish","4":"has-post-thumbnail","6":"product_cat-sirup","7":"pa_brands-combier","9":"first","10":"instock","11":"taxable","12":"shipping-taxable","13":"product-type-simple"},"acf":[],"_links":{"self":[{"href":"https:\/\/holyspirits.se\/da\/wp-json\/wp\/v2\/product\/27826","targetHints":{"allow":["GET"]}}],"collection":[{"href":"https:\/\/holyspirits.se\/da\/wp-json\/wp\/v2\/product"}],"about":[{"href":"https:\/\/holyspirits.se\/da\/wp-json\/wp\/v2\/types\/product"}],"wp:featuredmedia":[{"embeddable":true,"href":"https:\/\/holyspirits.se\/da\/wp-json\/wp\/v2\/media\/29263"}],"wp:attachment":[{"href":"https:\/\/holyspirits.se\/da\/wp-json\/wp\/v2\/media?parent=27826"}],"wp:term":[{"taxonomy":"product_brand","embeddable":true,"href":"https:\/\/holyspirits.se\/da\/wp-json\/wp\/v2\/product_brand?post=27826"},{"taxonomy":"product_cat","embeddable":true,"href":"https:\/\/holyspirits.se\/da\/wp-json\/wp\/v2\/product_cat?post=27826"},{"taxonomy":"product_tag","embeddable":true,"href":"https:\/\/holyspirits.se\/da\/wp-json\/wp\/v2\/product_tag?post=27826"}],"curies":[{"name":"wp","href":"https:\/\/api.w.org\/{rel}","templated":true}]}}