{"id":27822,"date":"2024-07-29T12:28:23","date_gmt":"2024-07-29T10:28:23","guid":{"rendered":"https:\/\/holyspirits.se\/combier-sirop-la-folie-fleur-sureau-fladerblom\/"},"modified":"2024-12-08T15:16:19","modified_gmt":"2024-12-08T14:16:19","slug":"combier-sirop-la-folie-fleur-sureau-hyldeblomst","status":"publish","type":"product","link":"https:\/\/holyspirits.se\/da\/combier-sirop-la-folie-fleur-sureau-hyldeblomst\/","title":{"rendered":"Combier Sirup La Folie &#8211; Hyldeblomst"},"content":{"rendered":"<p>Combier-sirupper er resultatet af en streng udv\u00e6lgelse af r\u00e5varer for at opn\u00e5 sirupper af meget h\u00f8j kvalitet. La Folie Sirop Fleur de Sureau er en helt magisk hyldeblomstsirup! Fremstillet af 100 % naturlige aromaer med en smag og duft, der n\u00e6rmest tager dig med p\u00e5 en tur gennem landskabet med blomster langs vejene og hyldeb\u00e6rbuske i fuldt flor. Den passer vildt godt til gin eller mousserende vin &#8211; eller begge dele i en kombination! Bland den i en kande med isvand, og du har den friskeste sommerdrink, du kan forestille dig.    <\/p>\n","protected":false},"excerpt":{"rendered":"<p>Combier La Folie Sirop Fleur de Sureau er en helt magisk hyldeblomstsirup! Den er lavet af 100 % naturlige aromaer og tager dig n\u00e6sten med p\u00e5 en tur gennem landskabet med blomster langs vejene og hyldeb\u00e6rbuske i fuldt flor. Den passer vildt godt til gin eller mousserende vin &#8211; eller begge dele i kombination!  <\/p>\n","protected":false},"featured_media":27732,"template":"","meta":{"_acf_changed":false,"_et_pb_use_builder":"","_et_pb_old_content":"","_et_gb_content_width":"","content-type":""},"product_brand":[],"product_cat":[219],"product_tag":[],"class_list":{"0":"post-27822","1":"product","2":"type-product","3":"status-publish","4":"has-post-thumbnail","6":"product_cat-sirup","7":"pa_brands-combier","9":"first","10":"instock","11":"taxable","12":"shipping-taxable","13":"product-type-simple"},"acf":[],"_links":{"self":[{"href":"https:\/\/holyspirits.se\/da\/wp-json\/wp\/v2\/product\/27822","targetHints":{"allow":["GET"]}}],"collection":[{"href":"https:\/\/holyspirits.se\/da\/wp-json\/wp\/v2\/product"}],"about":[{"href":"https:\/\/holyspirits.se\/da\/wp-json\/wp\/v2\/types\/product"}],"wp:featuredmedia":[{"embeddable":true,"href":"https:\/\/holyspirits.se\/da\/wp-json\/wp\/v2\/media\/27732"}],"wp:attachment":[{"href":"https:\/\/holyspirits.se\/da\/wp-json\/wp\/v2\/media?parent=27822"}],"wp:term":[{"taxonomy":"product_brand","embeddable":true,"href":"https:\/\/holyspirits.se\/da\/wp-json\/wp\/v2\/product_brand?post=27822"},{"taxonomy":"product_cat","embeddable":true,"href":"https:\/\/holyspirits.se\/da\/wp-json\/wp\/v2\/product_cat?post=27822"},{"taxonomy":"product_tag","embeddable":true,"href":"https:\/\/holyspirits.se\/da\/wp-json\/wp\/v2\/product_tag?post=27822"}],"curies":[{"name":"wp","href":"https:\/\/api.w.org\/{rel}","templated":true}]}}