{"id":27820,"date":"2024-07-29T12:40:57","date_gmt":"2024-07-29T10:40:57","guid":{"rendered":"https:\/\/holyspirits.se\/combier-sirop-la-folie-banane-banansirap\/"},"modified":"2024-12-08T15:01:55","modified_gmt":"2024-12-08T14:01:55","slug":"combier-sirop-la-folie-menthe-verte-mintsirup","status":"publish","type":"product","link":"https:\/\/holyspirits.se\/da\/combier-sirop-la-folie-menthe-verte-mintsirup\/","title":{"rendered":"Combier Sirup La Folie &#8211; Spearmint &#8211; Mynte"},"content":{"rendered":"<p>La Folie Sirop de Menthe Verte, eller bare Gr\u00f8n Mynte, som vi plejer at sige i daglig tale, har en klar og frisk myntesmag. Den er selvf\u00f8lgelig lavet med helt naturlige aromaer for at give den bedst mulige smag. At bruge myntesirup i bagv\u00e6rk eller endda p\u00e5 en simpel dessert som is er absolut l\u00e6kkert.   Eller du kan g\u00f8re som franskm\u00e6ndene og f\u00e5 dig en Diablo. Hvad er det for noget? Simpelthen myntesirup med limonade. S\u00e5 god og frisk! Hvis du vil tage et dristigt skridt, kan du simpelthen lave en Perroquet, som er myntesirup blandet med pastis! Ingen husker en kujon.     <\/p>\n","protected":false},"excerpt":{"rendered":"<p>La Folie Sirop de Menthe Verte, eller bare Gr\u00f8n Mynte, som vi plejer at sige i daglig tale, har en klar og frisk myntesmag. Den er selvf\u00f8lgelig lavet med helt naturlige aromaer for at give den bedst mulige smag. At bruge myntesirup i bagv\u00e6rk eller endda p\u00e5 en simpel dessert som is er absolut l\u00e6kkert.  <\/p>\n","protected":false},"featured_media":29257,"template":"","meta":{"_acf_changed":false,"_et_pb_use_builder":"","_et_pb_old_content":"","_et_gb_content_width":"","content-type":""},"product_brand":[],"product_cat":[219],"product_tag":[],"class_list":{"0":"post-27820","1":"product","2":"type-product","3":"status-publish","4":"has-post-thumbnail","6":"product_cat-sirup","7":"pa_brands-combier","9":"first","10":"instock","11":"taxable","12":"shipping-taxable","13":"product-type-simple"},"acf":[],"_links":{"self":[{"href":"https:\/\/holyspirits.se\/da\/wp-json\/wp\/v2\/product\/27820","targetHints":{"allow":["GET"]}}],"collection":[{"href":"https:\/\/holyspirits.se\/da\/wp-json\/wp\/v2\/product"}],"about":[{"href":"https:\/\/holyspirits.se\/da\/wp-json\/wp\/v2\/types\/product"}],"wp:featuredmedia":[{"embeddable":true,"href":"https:\/\/holyspirits.se\/da\/wp-json\/wp\/v2\/media\/29257"}],"wp:attachment":[{"href":"https:\/\/holyspirits.se\/da\/wp-json\/wp\/v2\/media?parent=27820"}],"wp:term":[{"taxonomy":"product_brand","embeddable":true,"href":"https:\/\/holyspirits.se\/da\/wp-json\/wp\/v2\/product_brand?post=27820"},{"taxonomy":"product_cat","embeddable":true,"href":"https:\/\/holyspirits.se\/da\/wp-json\/wp\/v2\/product_cat?post=27820"},{"taxonomy":"product_tag","embeddable":true,"href":"https:\/\/holyspirits.se\/da\/wp-json\/wp\/v2\/product_tag?post=27820"}],"curies":[{"name":"wp","href":"https:\/\/api.w.org\/{rel}","templated":true}]}}