{"id":29391,"date":"2024-10-25T14:44:47","date_gmt":"2024-10-25T12:44:47","guid":{"rendered":"https:\/\/holyspirits.se\/for-restauranter-og-barer\/"},"modified":"2024-12-04T20:41:39","modified_gmt":"2024-12-04T19:41:39","slug":"for-restauranter-og-barer","status":"publish","type":"page","link":"https:\/\/holyspirits.se\/da\/for-restauranter-og-barer\/","title":{"rendered":"For restauranter och barer"},"content":{"rendered":"<p>[et_pb_section fb_built=&#8221;1&#8243; _builder_version=&#8221;4.27.2&#8243; _module_preset=&#8221;default&#8221; use_background_color_gradient=&#8221;on&#8221; background_color_gradient_stops=&#8221;rgba(255,255,255,0.85) 0%|#ffffff 100%&#8221; background_color_gradient_overlays_image=&#8221;on&#8221; background_image=&#8221;https:\/\/holyspirits.se\/wp-content\/uploads\/2024\/08\/pink-wallpaper-bg.jpg&#8221; background_size=&#8221;initial&#8221; background_repeat=&#8221;repeat&#8221; global_colors_info=&#8221;{}&#8221;][et_pb_row _builder_version=&#8221;4.27.2&#8243; _module_preset=&#8221;default&#8221; global_colors_info=&#8221;{}&#8221;][et_pb_column type=&#8221;4_4&#8243; _builder_version=&#8221;4.27.2&#8243; _module_preset=&#8221;default&#8221; global_colors_info=&#8221;{}&#8221;][et_pb_text _builder_version=&#8221;4.27.4&#8243; _dynamic_attributes=&#8221;content&#8221; _module_preset=&#8221;default&#8221; header_font_size_tablet=&#8221;50px&#8221; header_font_size_phone=&#8221;40px&#8221; header_font_size_last_edited=&#8221;on|phone&#8221; global_colors_info=&#8221;{}&#8221;]@ET-DC@eyJkeW5hbWljIjp0cnVlLCJjb250ZW50IjoicG9zdF90aXRsZSIsInNldHRpbmdzIjp7ImJlZm9yZSI6IjxoMT4iLCJhZnRlciI6IjwvaDE+IiwiZW5hYmxlX2h0bWwiOiJvZmYifX0=@[\/et_pb_text][et_pb_text _builder_version=&#8221;4.27.4&#8243; _module_preset=&#8221;default&#8221; global_colors_info=&#8221;{}&#8221;]<\/p>\n<p>Det ville gl\u00e6de os, hvis du var interesseret i de produkter, vi s\u00e6lger!<br \/>Som direkte kunde hos os f\u00e5r du selvf\u00f8lgelig en lidt anden pris end gennem Systembolaget. S\u00e5 vi tror, at det smarte valg er, at du registrerer dig som kunde nedenfor, s\u00e5 kigger vi p\u00e5 anmodningen og tjekker, at alle tilladelser og andre sp\u00e6ndende ting er p\u00e5 plads, s\u00e5 vi kan godkende din ans\u00f8gning. Og derefter?<\/p>\n<p>Ja, s\u00e5 er det bare for dig at bestille pr\u00e6cis det, du vil have her p\u00e5 siden. Hvis du er i Malm\u00f8-omr\u00e5det, leverer vi ordrerne til dig personligt, fordi vi ogs\u00e5 synes, det er en hyggelig m\u00e5de. Skulle du v\u00e6re lidt for langt v\u00e6k til det, arrangerer vi hurtig transport med vores fantastiske logistikpartner, og s\u00e5 kommer vi simpelthen og bes\u00f8ger dig lidt senere alligevel. En roadtrip er aldrig forkert.    <\/p>\n<p>Hvis du ikke bryder dig om det digitale ved at bestille online (!?), er det ogs\u00e5 fint at sende os en e-mail med nogle kontaktoplysninger, s\u00e5 tager vi den derfra i stedet _ selv om det ogs\u00e5 er lidt halvdigitalt.<\/p>\n<p>[\/et_pb_text][\/et_pb_column][\/et_pb_row][et_pb_row _builder_version=&#8221;4.27.4&#8243; _module_preset=&#8221;default&#8221; global_colors_info=&#8221;{}&#8221;][et_pb_column type=&#8221;4_4&#8243; _builder_version=&#8221;4.27.4&#8243; _module_preset=&#8221;default&#8221; global_colors_info=&#8221;{}&#8221;][et_pb_button button_url=&#8221;https:\/\/holyspirits.se\/da\/my-account\/#register&#8221; button_text=&#8221;Tilmeld dig her&#8221; button_alignment=&#8221;center&#8221; _builder_version=&#8221;4.27.4&#8243; _module_preset=&#8221;default&#8221; hover_enabled=&#8221;0&#8243; global_colors_info=&#8221;{}&#8221; sticky_enabled=&#8221;0&#8243;][\/et_pb_button][\/et_pb_column][\/et_pb_row][\/et_pb_section]<\/p>\n","protected":false},"excerpt":{"rendered":"<p>Det ville gl\u00e6de os, hvis du var interesseret i de produkter, vi s\u00e6lger!Som direkte kunde hos os f\u00e5r du selvf\u00f8lgelig en lidt anden pris end gennem Systembolaget. S\u00e5 vi tror, at det smarte valg er, at du registrerer dig som kunde nedenfor, s\u00e5 kigger vi p\u00e5 anmodningen og tjekker, at alle tilladelser og andre sp\u00e6ndende [&hellip;]<\/p>\n","protected":false},"author":1,"featured_media":0,"parent":0,"menu_order":0,"comment_status":"closed","ping_status":"closed","template":"","meta":{"_acf_changed":false,"_et_pb_use_builder":"on","_et_pb_old_content":"","_et_gb_content_width":"","content-type":"","footnotes":""},"class_list":["post-29391","page","type-page","status-publish","hentry"],"acf":[],"_links":{"self":[{"href":"https:\/\/holyspirits.se\/da\/wp-json\/wp\/v2\/pages\/29391","targetHints":{"allow":["GET"]}}],"collection":[{"href":"https:\/\/holyspirits.se\/da\/wp-json\/wp\/v2\/pages"}],"about":[{"href":"https:\/\/holyspirits.se\/da\/wp-json\/wp\/v2\/types\/page"}],"author":[{"embeddable":true,"href":"https:\/\/holyspirits.se\/da\/wp-json\/wp\/v2\/users\/1"}],"replies":[{"embeddable":true,"href":"https:\/\/holyspirits.se\/da\/wp-json\/wp\/v2\/comments?post=29391"}],"version-history":[{"count":0,"href":"https:\/\/holyspirits.se\/da\/wp-json\/wp\/v2\/pages\/29391\/revisions"}],"wp:attachment":[{"href":"https:\/\/holyspirits.se\/da\/wp-json\/wp\/v2\/media?parent=29391"}],"curies":[{"name":"wp","href":"https:\/\/api.w.org\/{rel}","templated":true}]}}