{"id":27810,"date":"2020-06-11T19:28:01","date_gmt":"2020-06-11T17:28:01","guid":{"rendered":"https:\/\/holyspirits.se\/my-account\/"},"modified":"2024-12-04T20:47:22","modified_gmt":"2024-12-04T19:47:22","slug":"my-account","status":"publish","type":"page","link":"https:\/\/holyspirits.se\/da\/my-account\/","title":{"rendered":"Min konto"},"content":{"rendered":"<p>[et_pb_section fb_built=&#8221;1&#8243; admin_label=&#8221;section&#8221; _builder_version=&#8221;4.27.4&#8243; custom_padding=&#8221;30px||50px||false|false&#8221; global_colors_info=&#8221;{}&#8221;][et_pb_row admin_label=&#8221;row&#8221; _builder_version=&#8221;4.27.4&#8243; background_size=&#8221;initial&#8221; background_position=&#8221;top_left&#8221; background_repeat=&#8221;repeat&#8221; width=&#8221;90%&#8221; width_tablet=&#8221;90%&#8221; width_phone=&#8221;90%&#8221; width_last_edited=&#8221;on|desktop&#8221; hover_enabled=&#8221;0&#8243; global_colors_info=&#8221;{}&#8221; sticky_enabled=&#8221;0&#8243;][et_pb_column type=&#8221;4_4&#8243; _builder_version=&#8221;4.16&#8243; custom_padding=&#8221;|||&#8221; global_colors_info=&#8221;{}&#8221; custom_padding__hover=&#8221;|||&#8221;][et_pb_text admin_label=&#8221;Informationstext (visas bara f\u00f6r icke inloggade)&#8221; _builder_version=&#8221;4.27.4&#8243; _module_preset=&#8221;default&#8221; header_font_size=&#8221;50px&#8221; display_conditions=&#8221;W3siaWQiOiI4MTA0ZTY3NS03ZmRlLTRlOTMtYjA3ZC1iNDFjMjhkZjJiM2UiLCJjb25kaXRpb24iOiJsb2dnZWRJblN0YXR1cyIsImNvbmRpdGlvblNldHRpbmdzIjp7ImRpc3BsYXlSdWxlIjoibG9nZ2VkT3V0IiwiYWRtaW5MYWJlbCI6IklubG9nZ2FkIHN0YXR1cyIsImVuYWJsZUNvbmRpdGlvbiI6Im9uIn0sIm9wZXJhdG9yIjoiT1IifV0=&#8221; header_font_size_tablet=&#8221;48px&#8221; header_font_size_phone=&#8221;36px&#8221; header_font_size_last_edited=&#8221;on|desktop&#8221; custom_css_free_form=&#8221;selector h1 { padding-bottom:2rem; }&#8221; global_colors_info=&#8221;{}&#8221;]<\/p>\n<h1>Log ind eller opret en konto<\/h1>\n<p>Hvis du allerede er kunde, kan du logge ind her for at f\u00e5 adgang til din profilside. Der kan du redigere dine oplysninger, se tidligere ordrer og meget mere. Hvis du ikke allerede har en konto, kan du ans\u00f8ge om en konto hos os, hvis du har en restaurant, bar eller er grossist, ved at klikke p\u00e5 Registrer nedenfor. Vi vil derefter se p\u00e5 ans\u00f8gningen, og efter godkendelse kan du frit handle.   <\/p>\n<p>[\/et_pb_text][et_pb_text admin_label=&#8221;Profilsida &#8211; Rubrik (visas bara om inloggad)&#8221; _builder_version=&#8221;4.27.4&#8243; _module_preset=&#8221;default&#8221; header_font_size=&#8221;50px&#8221; display_conditions=&#8221;W3siaWQiOiI4MTA0ZTY3NS03ZmRlLTRlOTMtYjA3ZC1iNDFjMjhkZjJiM2UiLCJjb25kaXRpb24iOiJsb2dnZWRJblN0YXR1cyIsImNvbmRpdGlvblNldHRpbmdzIjp7ImRpc3BsYXlSdWxlIjoibG9nZ2VkSW4iLCJhZG1pbkxhYmVsIjoiSW5sb2dnYWQgc3RhdHVzIiwiZW5hYmxlQ29uZGl0aW9uIjoib24ifSwib3BlcmF0b3IiOiJPUiJ9XQ==&#8221; header_font_size_tablet=&#8221;48px&#8221; header_font_size_phone=&#8221;36px&#8221; header_font_size_last_edited=&#8221;on|phone&#8221; custom_css_free_form=&#8221;selector h1 { padding-bottom:2rem; }&#8221; global_colors_info=&#8221;{}&#8221;]<\/p>\n<h1>Din profil<\/h1>\n<p>[\/et_pb_text][et_pb_text admin_label=&#8221;Text&#8221; _builder_version=&#8221;4.27.4&#8243; header_font_size=&#8221;42px&#8221; header_2_font_size=&#8221;28px&#8221; background_size=&#8221;initial&#8221; background_position=&#8221;top_left&#8221; background_repeat=&#8221;repeat&#8221; global_colors_info=&#8221;{}&#8221;]<\/p>\n<div class=\"woocommerce\"><\/div>\n<p>[\/et_pb_text][\/et_pb_column][\/et_pb_row][\/et_pb_section]<\/p>\n","protected":false},"excerpt":{"rendered":"<p>Log ind eller opret en konto Hvis du allerede er kunde, kan du logge ind her for at f\u00e5 adgang til din profilside. Der kan du redigere dine oplysninger, se tidligere ordrer og meget mere. Hvis du ikke allerede har en konto, kan du ans\u00f8ge om en konto hos os, hvis du har en restaurant, [&hellip;]<\/p>\n","protected":false},"author":1,"featured_media":0,"parent":0,"menu_order":0,"comment_status":"closed","ping_status":"closed","template":"","meta":{"_acf_changed":false,"_et_pb_use_builder":"on","_et_pb_old_content":"","_et_gb_content_width":"","content-type":"","footnotes":""},"class_list":["post-27810","page","type-page","status-publish","hentry"],"acf":[],"_links":{"self":[{"href":"https:\/\/holyspirits.se\/da\/wp-json\/wp\/v2\/pages\/27810","targetHints":{"allow":["GET"]}}],"collection":[{"href":"https:\/\/holyspirits.se\/da\/wp-json\/wp\/v2\/pages"}],"about":[{"href":"https:\/\/holyspirits.se\/da\/wp-json\/wp\/v2\/types\/page"}],"author":[{"embeddable":true,"href":"https:\/\/holyspirits.se\/da\/wp-json\/wp\/v2\/users\/1"}],"replies":[{"embeddable":true,"href":"https:\/\/holyspirits.se\/da\/wp-json\/wp\/v2\/comments?post=27810"}],"version-history":[{"count":0,"href":"https:\/\/holyspirits.se\/da\/wp-json\/wp\/v2\/pages\/27810\/revisions"}],"wp:attachment":[{"href":"https:\/\/holyspirits.se\/da\/wp-json\/wp\/v2\/media?parent=27810"}],"curies":[{"name":"wp","href":"https:\/\/api.w.org\/{rel}","templated":true}]}}