{"id":27794,"date":"2024-01-26T14:59:38","date_gmt":"2024-01-26T13:59:38","guid":{"rendered":"https:\/\/holyspirits.se\/leveransinformation\/"},"modified":"2024-12-08T17:03:39","modified_gmt":"2024-12-08T16:03:39","slug":"leveringsoplysinger","status":"publish","type":"page","link":"https:\/\/holyspirits.se\/da\/leveringsoplysinger\/","title":{"rendered":"Forsendelses- og leveringsoplysninger"},"content":{"rendered":"<p>[et_pb_section fb_built=&#8221;1&#8243; _builder_version=&#8221;4.24.0&#8243; _module_preset=&#8221;default&#8221; global_colors_info=&#8221;{}&#8221;][et_pb_row _builder_version=&#8221;4.24.0&#8243; _module_preset=&#8221;default&#8221; global_colors_info=&#8221;{}&#8221;][et_pb_column type=&#8221;4_4&#8243; _builder_version=&#8221;4.24.0&#8243; _module_preset=&#8221;default&#8221; global_colors_info=&#8221;{}&#8221;][et_pb_text _builder_version=&#8221;4.27.4&#8243; _module_preset=&#8221;default&#8221; hover_enabled=&#8221;0&#8243; global_colors_info=&#8221;{}&#8221; sticky_enabled=&#8221;0&#8243;]<\/p>\n<h2>LEVERINGSTID<\/h2>\n<p>Pakker leveres normalt til dig inden for et par dage. Pakker til Danmark kan tage en dag eller to ekstra, afh\u00e6ngigt af det administrative arbejde. For privatpersoner leveres pakkerne til n\u00e6rmeste pakkeshop hos den transport\u00f8r, der er brugt til ordren.  <\/p>\n<p>[\/et_pb_text][\/et_pb_column][\/et_pb_row][\/et_pb_section]<\/p>\n","protected":false},"excerpt":{"rendered":"<p>Vi leverer hurtigt, p\u00e6nt og problemfrit. S\u00e5 enkelt er det. <\/p>\n","protected":false},"author":1,"featured_media":0,"parent":0,"menu_order":0,"comment_status":"closed","ping_status":"closed","template":"","meta":{"_acf_changed":false,"_et_pb_use_builder":"on","_et_pb_old_content":"","_et_gb_content_width":"","content-type":"","footnotes":""},"class_list":["post-27794","page","type-page","status-publish","hentry"],"acf":[],"_links":{"self":[{"href":"https:\/\/holyspirits.se\/da\/wp-json\/wp\/v2\/pages\/27794","targetHints":{"allow":["GET"]}}],"collection":[{"href":"https:\/\/holyspirits.se\/da\/wp-json\/wp\/v2\/pages"}],"about":[{"href":"https:\/\/holyspirits.se\/da\/wp-json\/wp\/v2\/types\/page"}],"author":[{"embeddable":true,"href":"https:\/\/holyspirits.se\/da\/wp-json\/wp\/v2\/users\/1"}],"replies":[{"embeddable":true,"href":"https:\/\/holyspirits.se\/da\/wp-json\/wp\/v2\/comments?post=27794"}],"version-history":[{"count":0,"href":"https:\/\/holyspirits.se\/da\/wp-json\/wp\/v2\/pages\/27794\/revisions"}],"wp:attachment":[{"href":"https:\/\/holyspirits.se\/da\/wp-json\/wp\/v2\/media?parent=27794"}],"curies":[{"name":"wp","href":"https:\/\/api.w.org\/{rel}","templated":true}]}}