{"id":27786,"date":"2024-01-26T15:10:02","date_gmt":"2024-01-26T14:10:02","guid":{"rendered":"https:\/\/holyspirits.se\/personuppgifter-och-cookies\/"},"modified":"2024-12-03T11:06:02","modified_gmt":"2024-12-03T10:06:02","slug":"personlige-data-og-cookies","status":"publish","type":"page","link":"https:\/\/holyspirits.se\/da\/personlige-data-og-cookies\/","title":{"rendered":"Persondata og Cookies"},"content":{"rendered":"<p>[et_pb_section fb_built=&#8221;1&#8243; _builder_version=&#8221;4.24.0&#8243; _module_preset=&#8221;default&#8221; global_colors_info=&#8221;{}&#8221;][et_pb_row _builder_version=&#8221;4.24.0&#8243; _module_preset=&#8221;default&#8221; global_colors_info=&#8221;{}&#8221;][et_pb_column type=&#8221;4_4&#8243; _builder_version=&#8221;4.24.0&#8243; _module_preset=&#8221;default&#8221; global_colors_info=&#8221;{}&#8221;][et_pb_text _builder_version=&#8221;4.27.4&#8243; _module_preset=&#8221;default&#8221; hover_enabled=&#8221;0&#8243; global_colors_info=&#8221;{}&#8221; header_2_font_size=&#8221;28px&#8221; custom_css_free_form=&#8221;selector h2 { padding-top:2rem!important; }&#8221; sticky_enabled=&#8221;0&#8243;]<\/p>\n<p>Nedenfor finder du korte oplysninger om vores h\u00e5ndtering af persondata og indsamling af data om vores bes\u00f8gendes adf\u00e6rd og brug af hjemmesiden. <a href=\"https:\/\/holyspirits.se\/da\/gdpr\/\" target=\"_blank\" rel=\"noopener\">L\u00e6s vores fulde GDPR-privatlivspolitik her<\/a> for at forst\u00e5 vores h\u00e5ndtering af persondata yderligere.<\/p>\n<h2>HVAD ER COOKIES, OG HVORFOR BRUGER VI DEM?<\/h2>\n<p>En cookie er en lille tekstfil, som din browser kan gemme p\u00e5 et bestemt sted p\u00e5 din computer. En cookie indeholder blandt andet midlertidige oplysninger om det aktuelle bes\u00f8g p\u00e5 webstedet, men gemmer ogs\u00e5 oplysninger for at g\u00f8re det n\u00e6ste bes\u00f8g p\u00e5 webstedet lettere. Vi bruger f.eks. cookies til at gemme indk\u00f8bskurven mellem forskellige bes\u00f8g, men ogs\u00e5 til at g\u00f8re logins og k\u00f8bsflowet mere bekvemt. De yderligere oplysninger, vi indsamler via cookies, bruges til statistiske form\u00e5l for at forbedre webstedet og tilbyde endnu bedre funktioner i fremtiden. De cookies, der s\u00e6ttes af hjemmesiden holyspirits.se, indeholder ingen personlige oplysninger om den bes\u00f8gende eller dennes konto, uanset om den bes\u00f8gende er en logget kunde eller g\u00e6st.    <\/p>\n<h2>HVILKE OPLYSNINGER INDSAMLER VI?<\/h2>\n<p>N\u00e5r du som kunde v\u00e6lger at registrere en konto eller afgive en ordre som &#8220;g\u00e6st&#8221; p\u00e5 holyspirits.se, indsamler vi de n\u00f8dvendige data for at kunne behandle ordrer, returneringer og eventuelle reklamationer, s\u00e5som navn, adresse, telefonnummer, e-mailadresse og IP-adresse. I forbindelse med en bestilling eller en returnering gemmes der ogs\u00e5 oplysninger om de bestilte og\/eller returnerede varer. Vi gemmer aldrig kreditkortoplysninger eller personnumre i vores registre. Disse oplysninger h\u00e5ndteres udelukkende af vores partnere inden for betalingsl\u00f8sninger, Stripe, Payson AB og PayPal. For yderligere oplysninger om deres h\u00e5ndtering af dine personlige data henviser vi til deres hjemmesider. I henhold til PUL (persondataloven) og GDPR (databeskyttelsesforordningen) har du ret til at f\u00e5 adgang til de oplysninger, vi har registreret om dig, og hvis du mener, at de er forkerte eller irrelevante, kan du anmode om at f\u00e5 dem rettet eller fjernet fra vores kunde- og ordreregister. Kontakt venligst kundeservice for yderligere information.      <\/p>\n<h2>HVORDAN BRUGER VI OPLYSNINGERNE?<\/h2>\n<p>Kundedata, der er gemt i vores systemer, bruges kun til at behandle ordrer og returneringer og, i tilf\u00e6lde af at kunden v\u00e6lger at abonnere p\u00e5 e-mail-udsendelser, til at kommunikere disse udsendelser. De oplysninger, der indsamles via cookies p\u00e5 hjemmesiden, bruges til at g\u00f8re bes\u00f8get p\u00e5 hjemmesiden bedre og mere gnidningsfrit. Oplysningerne bruges ogs\u00e5 til statistiske form\u00e5l for at forbedre hjemmesidens design og funktioner, men frem for alt for at udvide og forbedre vores sortiment og tilbud. De cookies, der s\u00e6ttes p\u00e5 holyspirits.se, indeholder ingen personlige oplysninger om den bes\u00f8gende eller dennes konto, uanset om den bes\u00f8gende er en indlogget kunde eller g\u00e6st.   <\/p>\n<h2>TREDJEPARTER OG VORES KUNDEDATA<\/h2>\n<p>Under ingen omst\u00e6ndigheder deler, s\u00e6lger eller udveksler vi vores kundedata eller statistiske oplysninger med nogen tredjepart til kommercielle form\u00e5l. Vi deler kun de data, som kunden har accepteret at dele ved at; 1. placere en ordre p\u00e5 siden, hvor ordren sendes med pakkekurer, i hvilket tilf\u00e6lde kundens navn, mobiltelefonnummer, e-mailadresse og postadresse deles med transportfirmaet (GP Last) for at fuldf\u00f8re leveringen og relaterede meddelelser. 2. kunden v\u00e6lger at abonnere p\u00e5 Holy Spirits nyhedsbrev. Hvis kunden v\u00e6lger at abonnere p\u00e5 e-mailudsendelser fra Holy Spirits, h\u00e5ndteres kundens e-mailadresse i vores eksterne nyhedsbrevssystem (MailChimp), men forbliver under vores kontrol og deles aldrig med andre tredjeparter. Kun kundens e-mailadresse bruges i registret hos MailChimp, ingen andre personlige data videregives til MailChimp, medmindre kunden allerede har registreret sin egen konto hos MailChimp. For yderligere information om MailChimps h\u00e5ndtering af personoplysninger, se venligst MailChimps hjemmeside (http:\/\/www.mailchimp.se\/).      <\/p>\n<h2>GDPR &#8211; GENEREL FORORDNING OM DATABESKYTTELSE<\/h2>\n<p><a href=\"https:\/\/holyspirits.se\/da\/gdpr\/\" target=\"\" rel=\"noopener\">Her kan du l\u00e6se vores fulde privatlivspolitik<\/a> for yderligere at forst\u00e5 og anerkende, hvordan vi h\u00e5ndterer personlige data.<\/p>\n<p>[\/et_pb_text][\/et_pb_column][\/et_pb_row][\/et_pb_section]<\/p>\n","protected":false},"excerpt":{"rendered":"<p>Nedenfor finder du korte oplysninger om vores h\u00e5ndtering af persondata og indsamling af data om vores bes\u00f8gendes adf\u00e6rd og brug af hjemmesiden. L\u00e6s vores fulde GDPR-privatlivspolitik her for at forst\u00e5 vores h\u00e5ndtering af persondata yderligere. HVAD ER COOKIES, OG HVORFOR BRUGER VI DEM? En cookie er en lille tekstfil, som din browser kan gemme p\u00e5 [&hellip;]<\/p>\n","protected":false},"author":1,"featured_media":0,"parent":0,"menu_order":0,"comment_status":"closed","ping_status":"closed","template":"","meta":{"_acf_changed":false,"_et_pb_use_builder":"on","_et_pb_old_content":"","_et_gb_content_width":"","content-type":"","footnotes":""},"class_list":["post-27786","page","type-page","status-publish","hentry"],"acf":[],"_links":{"self":[{"href":"https:\/\/holyspirits.se\/da\/wp-json\/wp\/v2\/pages\/27786","targetHints":{"allow":["GET"]}}],"collection":[{"href":"https:\/\/holyspirits.se\/da\/wp-json\/wp\/v2\/pages"}],"about":[{"href":"https:\/\/holyspirits.se\/da\/wp-json\/wp\/v2\/types\/page"}],"author":[{"embeddable":true,"href":"https:\/\/holyspirits.se\/da\/wp-json\/wp\/v2\/users\/1"}],"replies":[{"embeddable":true,"href":"https:\/\/holyspirits.se\/da\/wp-json\/wp\/v2\/comments?post=27786"}],"version-history":[{"count":0,"href":"https:\/\/holyspirits.se\/da\/wp-json\/wp\/v2\/pages\/27786\/revisions"}],"wp:attachment":[{"href":"https:\/\/holyspirits.se\/da\/wp-json\/wp\/v2\/media?parent=27786"}],"curies":[{"name":"wp","href":"https:\/\/api.w.org\/{rel}","templated":true}]}}