{"id":27784,"date":"2024-01-26T15:11:22","date_gmt":"2024-01-26T14:11:22","guid":{"rendered":"https:\/\/holyspirits.se\/om-holy-spirits\/"},"modified":"2024-12-04T10:42:26","modified_gmt":"2024-12-04T09:42:26","slug":"om-holy-spirits","status":"publish","type":"page","link":"https:\/\/holyspirits.se\/da\/om-holy-spirits\/","title":{"rendered":"Om Holy Spirits"},"content":{"rendered":"<p>[et_pb_section fb_built=&#8221;1&#8243; fullwidth=&#8221;on&#8221; _builder_version=&#8221;4.16&#8243; _module_preset=&#8221;default&#8221; locked=&#8221;off&#8221; global_colors_info=&#8221;{}&#8221;][et_pb_fullwidth_image title_text=&#8221;50s-bg-pattern-wallpaper&#8221; _builder_version=&#8221;4.27.4&#8243; _module_preset=&#8221;default&#8221; background_enable_color=&#8221;off&#8221; use_background_color_gradient=&#8221;on&#8221; background_color_gradient_stops=&#8221;rgba(255,255,255,0.65) 0%|rgba(255,255,255,0.65) 100%&#8221; background_color_gradient_overlays_image=&#8221;on&#8221; background_image=&#8221;https:\/\/holyspirits.se\/wp-content\/uploads\/2024\/12\/50s-pastel-design.webp&#8221; background_size=&#8221;contain&#8221; background_repeat=&#8221;repeat&#8221; min_height=&#8221;45vh&#8221; global_colors_info=&#8221;{}&#8221;][\/et_pb_fullwidth_image][\/et_pb_section][et_pb_section fb_built=&#8221;1&#8243; _builder_version=&#8221;4.27.4&#8243; _module_preset=&#8221;default&#8221; custom_margin=&#8221;||-25vh||false|false&#8221; custom_padding=&#8221;0px||||false|false&#8221; hover_enabled=&#8221;0&#8243; locked=&#8221;off&#8221; global_colors_info=&#8221;{}&#8221; sticky_enabled=&#8221;0&#8243;][et_pb_row make_equal=&#8221;on&#8221; _builder_version=&#8221;4.27.4&#8243; background_color=&#8221;#ffffff&#8221; position_origin_a=&#8221;top_center&#8221; vertical_offset=&#8221;-25vh&#8221; z_index=&#8221;10&#8243; width=&#8221;90%&#8221; width_tablet=&#8221;80%&#8221; width_phone=&#8221;&#8221; width_last_edited=&#8221;on|tablet&#8221; module_alignment=&#8221;center&#8221; custom_margin=&#8221;||||false|false&#8221; custom_padding=&#8221;35px|30px|35px|30px|true|true&#8221; box_shadow_style=&#8221;preset3&#8243; box_shadow_vertical=&#8221;-12px&#8221; box_shadow_blur=&#8221;0px&#8221; box_shadow_spread=&#8221;-8px&#8221; box_shadow_color=&#8221;rgba(0,0,0,0.2)&#8221; locked=&#8221;off&#8221; global_colors_info=&#8221;{}&#8221;][et_pb_column type=&#8221;4_4&#8243; _builder_version=&#8221;4.16&#8243; _module_preset=&#8221;default&#8221; background_color=&#8221;#ffffff&#8221; global_colors_info=&#8221;{}&#8221;][et_pb_text admin_label=&#8221;Title&#8221; _builder_version=&#8221;4.27.4&#8243; _module_preset=&#8221;default&#8221; header_text_align=&#8221;center&#8221; custom_padding=&#8221;||2rem||false|false&#8221; global_colors_info=&#8221;{}&#8221;]<\/p>\n<h1>Historien om Holy Spirits<\/h1>\n<p>[\/et_pb_text][et_pb_text admin_label=&#8221;Text&#8221; _builder_version=&#8221;4.27.4&#8243; _module_preset=&#8221;default&#8221; global_colors_info=&#8221;{}&#8221;]<\/p>\n<p><span style=\"font-weight: 400;\">I et hyggeligt lille hj\u00f8rne af Sydsverige, hvor vinteraftenerne er lange og drikkevarerne st\u00e6rke, blev en dr\u00f8m til virkelighed. Dr\u00f8mmen om Holy Spirits &#8211; en id\u00e9 fra to passionerede livsnydere, Markus og Sanja. <\/span><\/p>\n<p><span style=\"font-weight: 400;\">Markus er Sveriges absolutte absintekspert med over 27 \u00e5rs erfaring. Hans k\u00e6rlighedsaff\u00e6re med den gr\u00f8nne fe begyndte i slutningen af 90\u2019erne, og han har brugt \u00e5rtier p\u00e5 at unders\u00f8ge, indsamle, smage, bed\u00f8mme og uddanne folk om denne mytiske drik. Ingen kender absint som Markus, og hans passion for smarte drinks og klassiske cocktails smitter af p\u00e5 alt, hvad vi g\u00f8r.  <\/span><\/p>\n<p><span style=\"font-weight: 400;\">Sanja er en entusiast af alt, hvad der g\u00f8r livet dejligt forn\u00f8jeligt. Hendes k\u00e6rlighed til god mad og drikke er smittende, og hun har en forunderlig evne til at g\u00f8re enhver lille sammenkomst til en fest. Har nogen lavet en god gin-drink? I s\u00e5 fald ligger den sikkert i hendes h\u00e5nd lige nu.    <\/span><\/p>\n<p><span style=\"font-weight: 400;\">Med flair for den perfekte drink og en evne til at opdage unikke smagsvarianter er de virksomhedens hjerte og sj\u00e6l.<\/span><\/p>\n<p><span style=\"font-weight: 400;\">Historien om Holy Spirits begyndte omkring en pejs p\u00e5 et afsidesliggende landsted i Portugal. Ved ildens varme og med en Negroni i h\u00e5nden begyndte de at tale om deres f\u00e6lles passion for fine drinks, spiritus af h\u00f8j kvalitet og deres utallige eventyr i jagten p\u00e5 den perfekte drink. Samtalen fl\u00f8d lige s\u00e5 let som vinen, og f\u00f8r de vidste af det, var en id\u00e9 f\u00f8dt. <\/span><\/p>\n<p><span style=\"font-weight: 400;\"><em>&#8220;Hvorfor starter vi ikke vores egen virksomhed?&#8221;<\/em> <\/span><\/p>\n<p><span style=\"font-weight: 400;\"><em>&#8220;Og s\u00f8rge for bedre drikkevarer til folk?&#8221;<\/em><\/span><\/p>\n<p>[\/et_pb_text][et_pb_image src=&#8221;https:\/\/holyspirits.se\/wp-content\/uploads\/2024\/12\/negroni-fireplace.webp&#8221; title_text=&#8221;Pejsen i Portugal&#8221; align=&#8221;center&#8221; _builder_version=&#8221;4.27.4&#8243; _module_preset=&#8221;default&#8221; module_alignment=&#8221;center&#8221; global_colors_info=&#8221;{}&#8221;][\/et_pb_image][et_pb_text _builder_version=&#8221;4.27.4&#8243; _module_preset=&#8221;default&#8221; text_font_size=&#8221;20px&#8221; text_orientation=&#8221;center&#8221; global_colors_info=&#8221;{}&#8221;]<\/p>\n<p><span style=\"font-weight: 400;\">Og lige der og da blev Holy Spirits f\u00f8dt.<\/span><\/p>\n<p>[\/et_pb_text][et_pb_text _builder_version=&#8221;4.27.4&#8243; _module_preset=&#8221;default&#8221; global_colors_info=&#8221;{}&#8221;]<\/p>\n<p>Vores vision er enkel: at importere og distribuere de fineste unikke drikkevarer &#8211; premium spiritus, interessante cocktailbittere og essentielle mixere og sirupper. Vi tror p\u00e5, at enhver drink har en historie, og vi \u00f8nsker at dele disse historier med verden. Uanset om det er absintens rige historie, den dristige smag i en h\u00e5ndv\u00e6rkscocktail eller de delikate noter i en sj\u00e6lden Lik\u00f8r, er vi dedikerede til at skabe uforglemmelige smagsoplevelser.  <\/p>\n<p><span style=\"font-weight: 400;\">Hos Holy Spirits s\u00e6lger vi ikke bare drikkevarer; vi kuraterer oplevelser. Vi ops\u00f8ger aktivt de bedste producenter, b\u00e5de lokalt og internationalt, og vi s\u00f8rger for, at hver eneste flaske, vi tilbyder, er noget s\u00e6rligt. Vi \u00f8nsker, at hver eneste slurk skal give vores kunder varige minder, fra den f\u00f8rste smag til den sidste dr\u00e5be.   <\/span><\/p>\n<p><span style=\"font-weight: 400;\">Markus&#8217; dybe viden om absint og anden fin spiritus giver vores sortiment et unikt pr\u00e6g. Han \u00f8nsker at afmystificere absinten og introducere en ny generation til dens fascinerende verden. Med vores n\u00f8je udvalgte produkter \u00f8nsker vi at l\u00f8fte enhver lejlighed &#8211; uanset om det er en stille aften derhjemme, en festlig sammenkomst med venner eller en eksklusiv barservice.  <\/span><\/p>\n<p>[\/et_pb_text][et_pb_text _builder_version=&#8221;4.27.4&#8243; _module_preset=&#8221;default&#8221; text_font_size=&#8221;20px&#8221; text_orientation=&#8221;center&#8221; global_colors_info=&#8221;{}&#8221;]<\/p>\n<p><span style=\"font-weight: 400;\">S\u00e5 her kommer bedre drinks og drikkevarer, uforglemmelige \u00f8jeblikke og gl\u00e6den ved at dele vores passion med verden. Velkommen til Holy Spirits, hvor hver flaske er en historie, der venter p\u00e5 at blive oplevet. Sk\u00e5l!  <\/span><\/p>\n<p>[\/et_pb_text][et_pb_image src=&#8221;https:\/\/holyspirits.se\/wp-content\/uploads\/2024\/11\/cheers-couple-cocktails.webp&#8221; title_text=&#8221;Cheers, folks!&#8221; align=&#8221;center&#8221; _builder_version=&#8221;4.27.2&#8243; _module_preset=&#8221;default&#8221; max_width=&#8221;300px&#8221; module_alignment=&#8221;center&#8221; global_colors_info=&#8221;{}&#8221;][\/et_pb_image][\/et_pb_column][\/et_pb_row][\/et_pb_section]<\/p>\n","protected":false},"excerpt":{"rendered":"<p>Historien om Holy SpiritsI et hyggeligt lille hj\u00f8rne af Sydsverige, hvor vinteraftenerne er lange og drikkevarerne st\u00e6rke, blev en dr\u00f8m til virkelighed. Dr\u00f8mmen om Holy Spirits &#8211; en id\u00e9 fra to passionerede livsnydere, Markus og Sanja. Markus er Sveriges absolutte absintekspert med over 27 \u00e5rs erfaring. Hans k\u00e6rlighedsaff\u00e6re med den gr\u00f8nne fe begyndte i slutningen [&hellip;]<\/p>\n","protected":false},"author":1,"featured_media":0,"parent":0,"menu_order":0,"comment_status":"closed","ping_status":"closed","template":"","meta":{"_acf_changed":false,"_et_pb_use_builder":"on","_et_pb_old_content":"","_et_gb_content_width":"","content-type":"","footnotes":""},"class_list":["post-27784","page","type-page","status-publish","hentry"],"acf":[],"_links":{"self":[{"href":"https:\/\/holyspirits.se\/da\/wp-json\/wp\/v2\/pages\/27784","targetHints":{"allow":["GET"]}}],"collection":[{"href":"https:\/\/holyspirits.se\/da\/wp-json\/wp\/v2\/pages"}],"about":[{"href":"https:\/\/holyspirits.se\/da\/wp-json\/wp\/v2\/types\/page"}],"author":[{"embeddable":true,"href":"https:\/\/holyspirits.se\/da\/wp-json\/wp\/v2\/users\/1"}],"replies":[{"embeddable":true,"href":"https:\/\/holyspirits.se\/da\/wp-json\/wp\/v2\/comments?post=27784"}],"version-history":[{"count":0,"href":"https:\/\/holyspirits.se\/da\/wp-json\/wp\/v2\/pages\/27784\/revisions"}],"wp:attachment":[{"href":"https:\/\/holyspirits.se\/da\/wp-json\/wp\/v2\/media?parent=27784"}],"curies":[{"name":"wp","href":"https:\/\/api.w.org\/{rel}","templated":true}]}}